{"id":1032,"date":"2019-04-30T14:26:42","date_gmt":"2019-04-30T14:26:42","guid":{"rendered":"https:\/\/staging.sooma.com\/?page_id=1032"},"modified":"2019-06-26T10:51:07","modified_gmt":"2019-06-26T10:51:07","slug":"continuidade-de-email","status":"publish","type":"page","link":"https:\/\/sooma.com\/pt-pt\/continuidade-de-email\/","title":{"rendered":"Continuidade de email"},"content":{"rendered":"<p>[et_pb_section bb_built=&#8221;1&#8243; admin_label=&#8221;Section&#8221; fullwidth=&#8221;on&#8221; specialty=&#8221;off&#8221; transparent_background=&#8221;off&#8221; allow_player_pause=&#8221;off&#8221; inner_shadow=&#8221;off&#8221; parallax=&#8221;off&#8221; parallax_method=&#8221;off&#8221; padding_mobile=&#8221;off&#8221; make_fullwidth=&#8221;off&#8221; use_custom_width=&#8221;off&#8221; width_unit=&#8221;on&#8221; make_equal=&#8221;off&#8221; use_custom_gutter=&#8221;off&#8221; custom_padding_tablet=&#8221;50px|0|50px|0&#8243; custom_padding_last_edited=&#8221;on|desktop&#8221; prev_background_color=&#8221;#000000&#8243; next_background_color=&#8221;#ffffff&#8221;][et_pb_fullwidth_header admin_label=&#8221;Intro&#8221; background_layout=&#8221;dark&#8221; text_orientation=&#8221;center&#8221; header_fullscreen=&#8221;off&#8221; header_scroll_down=&#8221;off&#8221; background_color=&#8221;#121b26&#8243; parallax=&#8221;off&#8221; parallax_method=&#8221;off&#8221; content_orientation=&#8221;center&#8221; image_orientation=&#8221;center&#8221; custom_button_one=&#8221;off&#8221; button_one_use_icon=&#8221;default&#8221; button_one_icon_placement=&#8221;right&#8221; button_one_on_hover=&#8221;on&#8221; custom_button_two=&#8221;off&#8221; button_two_use_icon=&#8221;default&#8221; button_two_icon_placement=&#8221;right&#8221; button_two_on_hover=&#8221;on&#8221; content_font_size=&#8221;24px&#8221; button_one_border_width=&#8221;0&#8243; button_two_border_width=&#8221;0&#8243; module_class=&#8221;intro-topo&#8221; content_max_width=&#8221;100%&#8221;]<\/p>\n<p>Jamais perca a comunica\u00e7\u00e3o por e-mail durante uma interrup\u00e7\u00e3o do seu servidor de e-mail prim\u00e1rio.<\/p>\n<p>[\/et_pb_fullwidth_header][\/et_pb_section][et_pb_section bb_built=&#8221;1&#8243; admin_label=&#8221;section&#8221; transparent_background=&#8221;off&#8221; parallax_method=&#8221;off&#8221; custom_padding_tablet=&#8221;50px|0px|0px|0px&#8221; custom_padding_last_edited=&#8221;on|tablet&#8221; _builder_version=&#8221;3.4.1&#8243; prev_background_color=&#8221;#000000&#8243; next_background_color=&#8221;#000000&#8243;][et_pb_row admin_label=&#8221;row&#8221; background_position=&#8221;top_left&#8221; background_repeat=&#8221;repeat&#8221; background_size=&#8221;initial&#8221; _builder_version=&#8221;3.4.1&#8243; custom_padding_tablet=&#8221;20px||0px|&#8221; custom_padding_last_edited=&#8221;on|tablet&#8221;][et_pb_column type=&#8221;4_4&#8243;][et_pb_text admin_label=&#8221;Continuidade de email&#8221; background_layout=&#8221;light&#8221; text_orientation=&#8221;center&#8221; use_border_color=&#8221;off&#8221; border_color=&#8221;#ffffff&#8221; border_style=&#8221;solid&#8221; background_position=&#8221;top_left&#8221; background_repeat=&#8221;repeat&#8221; background_size=&#8221;initial&#8221; module_alignment=&#8221;center&#8221;]<\/p>\n<h1>Continuidade de e-mail<\/h1>\n<p>[\/et_pb_text][\/et_pb_column][\/et_pb_row][et_pb_row admin_label=&#8221;Row&#8221; custom_padding=&#8221;50px||4%|&#8221; parallax_method=&#8221;off&#8221; parallax_method_1=&#8221;off&#8221; parallax_method_2=&#8221;off&#8221; column_padding_mobile=&#8221;on&#8221; custom_css_main_element=&#8221;border-bottom: 2px dotted #ddd;&#8221; background_position=&#8221;top_left&#8221; background_repeat=&#8221;repeat&#8221; background_size=&#8221;initial&#8221; _builder_version=&#8221;3.4.1&#8243; custom_padding_tablet=&#8221;0px||60px|&#8221; custom_padding_last_edited=&#8221;on|desktop&#8221;][et_pb_column type=&#8221;1_2&#8243;][et_pb_text admin_label=&#8221;Por que usar a continuidade de e-mail?&#8221; background_layout=&#8221;light&#8221; text_orientation=&#8221;left&#8221; use_border_color=&#8221;off&#8221; border_color=&#8221;#ffffff&#8221; border_style=&#8221;solid&#8221; background_position=&#8221;top_left&#8221; background_repeat=&#8221;repeat&#8221; background_size=&#8221;initial&#8221;]<\/p>\n<h3>Por que usar a continuidade de e-mail?<\/h3>\n<p>A continuidade de e-mails evita o tempo de inatividade que pode afetar de maneira imediata e dr\u00e1stica a produtividade dos funcion\u00e1rios e a receita da empresa. Essa solu\u00e7\u00e3o permite que seus funcion\u00e1rios acessem seus e-mails de qualquer navegador, a qualquer hora e em qualquer lugar. \u00c9 f\u00e1cil configurar e gerenciar, al\u00e9m de incluir escaneamento anti-spam e antiv\u00edrus.<\/p>\n<p>Isso fornece recupera\u00e7\u00e3o imediata do e-mail, permitindo, dessa maneira, que voc\u00ea acesse os \u00faltimos 15 dias de e-mails recebidos, atrav\u00e9s do uso de um dispositivo m\u00f3vel para Web ou uma interface de e-mail m\u00f3vel. Isso n\u00e3o requer hardware ou software.<\/p>\n<p>YA op\u00e7\u00e3o Premium permite-lhe aceder aos emails dos 30 dias anteriores.<\/p>\n<p>[\/et_pb_text][\/et_pb_column][et_pb_column type=&#8221;1_2&#8243;][et_pb_text admin_label=&#8221;Destaque&#8221; background_layout=&#8221;light&#8221; text_orientation=&#8221;left&#8221; use_border_color=&#8221;off&#8221; border_color=&#8221;#ffffff&#8221; border_style=&#8221;solid&#8221; custom_padding=&#8221;20px|20px|20px|20px&#8221; custom_css_main_element=&#8221;box-shadow: -10px 10px 35px RGBA(20,114,226,.1);&#8221; background_position=&#8221;top_left&#8221; background_repeat=&#8221;repeat&#8221; background_size=&#8221;initial&#8221;]<\/p>\n<p><span class=\"more\">N<\/span>O servi\u00e7o de continuidade de e-mail da Sooma permite que voc\u00ea acesse o e-mail atrav\u00e9s de qualquer dispositivo quando seus servidores estiverem offline.<\/p>\n<p><span class=\"more\">N<\/span>Isso evita a perda de e-mails durante um tempo de inatividade n\u00e3o programado ao fornecer backups e minimizar a perda de produtividade entre os funcion\u00e1rios.<\/p>\n<p>[\/et_pb_text][\/et_pb_column][\/et_pb_row][\/et_pb_section][et_pb_section bb_built=&#8221;1&#8243; admin_label=&#8221;section&#8221; parallax_method=&#8221;off&#8221; custom_padding=&#8221;0px||80px|&#8221; background_color=&#8221;#ffffff&#8221; custom_padding_tablet=&#8221;50px|0px|50px|0px&#8221; custom_padding_last_edited=&#8221;on|tablet&#8221; prev_background_color=&#8221;#000000&#8243; _builder_version=&#8221;3.4.1&#8243;][et_pb_row admin_label=&#8221;Row&#8221; parallax_method=&#8221;off&#8221; parallax_method_1=&#8221;off&#8221; column_padding_mobile=&#8221;on&#8221; background_position=&#8221;top_left&#8221; background_repeat=&#8221;repeat&#8221; background_size=&#8221;initial&#8221; _builder_version=&#8221;3.4.1&#8243; custom_padding_tablet=&#8221;20px||0px|&#8221; custom_padding_last_edited=&#8221;on|tablet&#8221;][et_pb_column type=&#8221;4_4&#8243;][et_pb_text admin_label=&#8221;Como o servi\u00e7o de continuidade de e-mail funciona&#8221; background_layout=&#8221;light&#8221; text_orientation=&#8221;center&#8221; use_border_color=&#8221;off&#8221; border_color=&#8221;#ffffff&#8221; border_style=&#8221;solid&#8221; background_position=&#8221;top_left&#8221; background_repeat=&#8221;repeat&#8221; background_size=&#8221;initial&#8221; module_alignment=&#8221;center&#8221;]<\/p>\n<h2>Como o servi\u00e7o de continuidade de e-mail funciona<\/h2>\n<p>[\/et_pb_text][\/et_pb_column][\/et_pb_row][et_pb_row admin_label=&#8221;Row&#8221; make_fullwidth=&#8221;off&#8221; use_custom_width=&#8221;on&#8221; width_unit=&#8221;off&#8221; use_custom_gutter=&#8221;off&#8221; padding_mobile=&#8221;off&#8221; allow_player_pause=&#8221;off&#8221; parallax=&#8221;off&#8221; parallax_method=&#8221;off&#8221; make_equal=&#8221;off&#8221; parallax_1=&#8221;off&#8221; parallax_method_1=&#8221;off&#8221; parallax_2=&#8221;off&#8221; parallax_method_2=&#8221;off&#8221; column_padding_mobile=&#8221;on&#8221; custom_width_px=&#8221;700px&#8221; parallax_3=&#8221;off&#8221; parallax_method_3=&#8221;off&#8221; background_position=&#8221;top_left&#8221; background_repeat=&#8221;repeat&#8221; background_size=&#8221;initial&#8221; _builder_version=&#8221;3.4.1&#8243;][et_pb_column type=&#8221;1_2&#8243;][et_pb_image admin_label=&#8221;Image&#8221; src=&#8221;https:\/\/sooma.com\/files\/2017\/07\/email-continuity-service_sooma.svg&#8221; alt=&#8221; Email continuity&#8221; title_text=&#8221; Email continuity&#8221; show_in_lightbox=&#8221;off&#8221; url_new_window=&#8221;off&#8221; use_overlay=&#8221;off&#8221; animation=&#8221;off&#8221; sticky=&#8221;off&#8221; align=&#8221;center&#8221; max_width=&#8221;250px&#8221; force_fullwidth=&#8221;off&#8221; always_center_on_mobile=&#8221;on&#8221; use_border_color=&#8221;off&#8221; border_color=&#8221;#ffffff&#8221; border_style=&#8221;solid&#8221; animation_style=&#8221;none&#8221; animation_duration=&#8221;1000ms&#8221; animation_intensity_slide=&#8221;50%&#8221; show_bottom_space=&#8221;on&#8221; \/][\/et_pb_column][et_pb_column type=&#8221;1_2&#8243;][et_pb_text admin_label=&#8221;Fornecimento de login seguro&#8221; background_layout=&#8221;light&#8221; text_orientation=&#8221;left&#8221; use_border_color=&#8221;off&#8221; border_color=&#8221;#ffffff&#8221; border_style=&#8221;solid&#8221; module_class=&#8221;solutions&#8221; background_position=&#8221;top_left&#8221; background_repeat=&#8221;repeat&#8221; background_size=&#8221;initial&#8221;]<\/p>\n<h5>Fornecimento de login seguro<\/h5>\n<p>Os usu\u00e1rios recebem um login seguro para uma plataforma baseada na Web que cont\u00e9m cobertura dos e-mails dos \u00faltimos 15 dias. A op\u00e7\u00e3o de 30 dias tamb\u00e9m pode ser acessada atrav\u00e9s da op\u00e7\u00e3o premium.<\/p>\n<p>[\/et_pb_text][et_pb_text admin_label=&#8221;Acesso aos e-mails recebidos&#8221; background_layout=&#8221;light&#8221; text_orientation=&#8221;left&#8221; use_border_color=&#8221;off&#8221; border_color=&#8221;#ffffff&#8221; border_style=&#8221;solid&#8221; module_class=&#8221;solutions&#8221; background_position=&#8221;top_left&#8221; background_repeat=&#8221;repeat&#8221; background_size=&#8221;initial&#8221;]<\/p>\n<h5>Acesso aos e-mails recebidos<\/h5>\n<p>Os usu\u00e1rios podem responder a e-mails recebidos. As respostas aparecer\u00e3o como se tivessem sido enviadas do endere\u00e7o de trabalho padr\u00e3o do usu\u00e1rio.<\/p>\n<p>[\/et_pb_text][et_pb_text admin_label=&#8221;Encaminhamento de e-mails&#8221; background_layout=&#8221;light&#8221; text_orientation=&#8221;left&#8221; use_border_color=&#8221;off&#8221; border_color=&#8221;#ffffff&#8221; border_style=&#8221;solid&#8221; module_class=&#8221;solutions&#8221; background_position=&#8221;top_left&#8221; background_repeat=&#8221;repeat&#8221; background_size=&#8221;initial&#8221;]<\/p>\n<h5>Encaminhamento de e-mails<\/h5>\n<p>Os e-mails para endere\u00e7os de alias podem ser encaminhados para a conta indicada. Contas dedicadas tamb\u00e9m podem ser criadas.<\/p>\n<p>[\/et_pb_text][\/et_pb_column][\/et_pb_row][\/et_pb_section]<\/p>\n","protected":false},"excerpt":{"rendered":"<p>Jamais perca a comunica\u00e7\u00e3o por e-mail durante uma interrup\u00e7\u00e3o do seu servidor de e-mail prim\u00e1rio. Continuidade de e-mail Por que usar a continuidade de e-mail? A continuidade de e-mails evita o tempo de inatividade que pode afetar de maneira imediata e dr\u00e1stica a produtividade dos funcion\u00e1rios e a receita da empresa. Essa solu\u00e7\u00e3o permite que [&hellip;]<\/p>\n","protected":false},"author":1456,"featured_media":0,"parent":0,"menu_order":0,"comment_status":"closed","ping_status":"closed","template":"","meta":{"_seopress_robots_primary_cat":"","_seopress_titles_title":"","_seopress_titles_desc":"","_seopress_robots_index":"","_et_pb_use_builder":"on","_et_pb_old_content":"","_et_gb_content_width":"","footnotes":""},"class_list":["post-1032","page","type-page","status-publish","hentry"],"_links":{"self":[{"href":"https:\/\/sooma.com\/pt-pt\/wp-json\/wp\/v2\/pages\/1032","targetHints":{"allow":["GET"]}}],"collection":[{"href":"https:\/\/sooma.com\/pt-pt\/wp-json\/wp\/v2\/pages"}],"about":[{"href":"https:\/\/sooma.com\/pt-pt\/wp-json\/wp\/v2\/types\/page"}],"author":[{"embeddable":true,"href":"https:\/\/sooma.com\/pt-pt\/wp-json\/wp\/v2\/users\/1456"}],"replies":[{"embeddable":true,"href":"https:\/\/sooma.com\/pt-pt\/wp-json\/wp\/v2\/comments?post=1032"}],"version-history":[{"count":0,"href":"https:\/\/sooma.com\/pt-pt\/wp-json\/wp\/v2\/pages\/1032\/revisions"}],"wp:attachment":[{"href":"https:\/\/sooma.com\/pt-pt\/wp-json\/wp\/v2\/media?parent=1032"}],"curies":[{"name":"wp","href":"https:\/\/api.w.org\/{rel}","templated":true}]}}