{"id":1063,"date":"2019-05-01T12:24:43","date_gmt":"2019-05-01T12:24:43","guid":{"rendered":"https:\/\/staging.sooma.com\/?page_id=1063"},"modified":"2019-05-29T15:28:09","modified_gmt":"2019-05-29T15:28:09","slug":"servicos-de-protecao-de-correio","status":"publish","type":"page","link":"https:\/\/sooma.com\/pt-pt\/servicos-de-protecao-de-correio\/","title":{"rendered":"Servi\u00e7os de prote\u00e7\u00e3o de correio"},"content":{"rendered":"<p>[et_pb_section bb_built=&#8221;1&#8243; admin_label=&#8221;Section&#8221; fullwidth=&#8221;on&#8221; specialty=&#8221;off&#8221; transparent_background=&#8221;off&#8221; allow_player_pause=&#8221;off&#8221; inner_shadow=&#8221;off&#8221; parallax=&#8221;off&#8221; parallax_method=&#8221;off&#8221; padding_mobile=&#8221;off&#8221; make_fullwidth=&#8221;off&#8221; use_custom_width=&#8221;off&#8221; width_unit=&#8221;on&#8221; make_equal=&#8221;off&#8221; use_custom_gutter=&#8221;off&#8221; custom_padding_tablet=&#8221;50px|0|50px|0&#8243; custom_padding_last_edited=&#8221;on|desktop&#8221; prev_background_color=&#8221;#000000&#8243; next_background_color=&#8221;#ffffff&#8221;][et_pb_fullwidth_header admin_label=&#8221;Intro&#8221; background_layout=&#8221;dark&#8221; text_orientation=&#8221;center&#8221; header_fullscreen=&#8221;off&#8221; header_scroll_down=&#8221;off&#8221; background_color=&#8221;#121b26&#8243; parallax=&#8221;off&#8221; parallax_method=&#8221;off&#8221; content_orientation=&#8221;center&#8221; image_orientation=&#8221;center&#8221; custom_button_one=&#8221;off&#8221; button_one_use_icon=&#8221;default&#8221; button_one_icon_placement=&#8221;right&#8221; button_one_on_hover=&#8221;on&#8221; custom_button_two=&#8221;off&#8221; button_two_use_icon=&#8221;default&#8221; button_two_icon_placement=&#8221;right&#8221; button_two_on_hover=&#8221;on&#8221; content_font_size=&#8221;24px&#8221; button_one_border_width=&#8221;0&#8243; button_two_border_width=&#8221;0&#8243; module_class=&#8221;intro-topo&#8221; content_max_width=&#8221;100%&#8221;]<\/p>\n<p>Nosso servi\u00e7o de prote\u00e7\u00e3o de e-mail seguro protege contra ransomware, spam, comprometimento de e-mails de neg\u00f3cios, falsifica\u00e7\u00e3o e phising.<\/p>\n<p>[\/et_pb_fullwidth_header][\/et_pb_section][et_pb_section bb_built=&#8221;1&#8243; admin_label=&#8221;section&#8221; parallax_method=&#8221;off&#8221; module_id=&#8221;service-providers&#8221; custom_padding_tablet=&#8221;50px|0px|0px|0px&#8221; custom_padding_last_edited=&#8221;on|tablet&#8221; prev_background_color=&#8221;#000000&#8243; next_background_color=&#8221;#000000&#8243; _builder_version=&#8221;3.4.1&#8243;][et_pb_row admin_label=&#8221;row&#8221; background_position=&#8221;top_left&#8221; background_repeat=&#8221;repeat&#8221; background_size=&#8221;initial&#8221; _builder_version=&#8221;3.4.1&#8243; custom_padding_tablet=&#8221;20px||0px|&#8221; custom_padding_last_edited=&#8221;on|tablet&#8221;][et_pb_column type=&#8221;4_4&#8243;][et_pb_text admin_label=&#8221;Servi\u00e7os de prote\u00e7\u00e3o de email&#8221; background_layout=&#8221;light&#8221; text_orientation=&#8221;center&#8221; use_border_color=&#8221;off&#8221; border_color=&#8221;#ffffff&#8221; border_style=&#8221;solid&#8221; background_position=&#8221;top_left&#8221; background_repeat=&#8221;repeat&#8221; background_size=&#8221;initial&#8221; module_alignment=&#8221;center&#8221;]<\/p>\n<h1>Servi\u00e7os de prote\u00e7\u00e3o de correio<\/h1>\n<p>[\/et_pb_text][\/et_pb_column][\/et_pb_row][et_pb_row admin_label=&#8221;Row&#8221; custom_padding=&#8221;50px||4%|&#8221; parallax_method=&#8221;off&#8221; parallax_method_1=&#8221;off&#8221; parallax_method_2=&#8221;off&#8221; column_padding_mobile=&#8221;on&#8221; custom_css_main_element=&#8221;border-bottom: 2px dotted #ddd;&#8221; background_position=&#8221;top_left&#8221; background_repeat=&#8221;repeat&#8221; background_size=&#8221;initial&#8221; _builder_version=&#8221;3.4.1&#8243; custom_padding_tablet=&#8221;0px||60px|&#8221; custom_padding_last_edited=&#8221;on|tablet&#8221;][et_pb_column type=&#8221;1_2&#8243;][et_pb_text admin_label=&#8221;Destaque&#8221; background_layout=&#8221;light&#8221; text_orientation=&#8221;left&#8221; use_border_color=&#8221;off&#8221; border_color=&#8221;#ffffff&#8221; border_style=&#8221;solid&#8221; module_class=&#8221;destaque&#8221; background_position=&#8221;top_left&#8221; background_repeat=&#8221;repeat&#8221; background_size=&#8221;initial&#8221;]<\/p>\n<p>O nosso servi\u00e7o seguro de prote\u00e7\u00e3o de email protege contra ransomware, spam, comprometimento de email comercial, spoofing e phishing.<\/p>\n<p>[\/et_pb_text][\/et_pb_column][et_pb_column type=&#8221;1_2&#8243;][et_pb_text admin_label=&#8221;Text&#8221; background_layout=&#8221;light&#8221; text_orientation=&#8221;left&#8221; use_border_color=&#8221;off&#8221; border_color=&#8221;#ffffff&#8221; border_style=&#8221;solid&#8221; background_position=&#8221;top_left&#8221; background_repeat=&#8221;repeat&#8221; background_size=&#8221;initial&#8221;]<\/p>\n<h5>Defenda-se de amea\u00e7as ao seu email<\/h5>\n<p>CN\u00f3s podemos bloquear quaisquer sites que forne\u00e7am c\u00f3digos suspeitos ou maliciosos, utilizando a an\u00e1lise comportamental em tempo real, assim como a inspe\u00e7\u00e3o de conte\u00fado.<\/p>\n<p>Nosso mecanismo antimalware em tempo real e multicamadas nos permite identificar o comportamento e inten\u00e7\u00e3o do c\u00f3digo fornecido pela p\u00e1gina. N\u00e3o contamos com assinaturas para oferecer prote\u00e7\u00e3o contra ataques conhecidos e in\u00e9ditos.<\/p>\n<p>Sempre que um usu\u00e1rio clica em um link, nosso sistema reescreve e verifica a URL, mesmo que o e-mail tenha sido encaminhado anteriormente, a fim de garantir que o site de destino seja examinado durante o tempo de acesso. Esse processo tem muito sucesso ao garantir que n\u00e3o haja espa\u00e7o para que o ataque ocorra.<\/p>\n<p>Tamb\u00e9m podemos verificar sites em tempo real durante o acesso para identificar c\u00f3digos maliciosos escondidos ou ataques programados de sites n\u00e3o confi\u00e1veis. Nosso sistema de notifica\u00e7\u00e3o incentiva um h\u00e1bito de computa\u00e7\u00e3o mais seguro e tamb\u00e9m orienta os usu\u00e1rios sobre as melhores pr\u00e1ticas para a navega\u00e7\u00e3o na web<\/p>\n<p>[\/et_pb_text][\/et_pb_column][\/et_pb_row][\/et_pb_section][et_pb_section bb_built=&#8221;1&#8243; admin_label=&#8221;Section&#8221; fullwidth=&#8221;off&#8221; specialty=&#8221;off&#8221; transparent_background=&#8221;off&#8221; allow_player_pause=&#8221;off&#8221; inner_shadow=&#8221;off&#8221; parallax=&#8221;off&#8221; parallax_method=&#8221;off&#8221; custom_padding=&#8221;0px||80px|&#8221; padding_mobile=&#8221;off&#8221; make_fullwidth=&#8221;off&#8221; use_custom_width=&#8221;off&#8221; width_unit=&#8221;on&#8221; make_equal=&#8221;off&#8221; use_custom_gutter=&#8221;off&#8221; custom_padding_tablet=&#8221;50px|0|50px|0&#8243; custom_padding_last_edited=&#8221;on|desktop&#8221; prev_background_color=&#8221;#ffffff&#8221; next_background_color=&#8221;#000000&#8243; _builder_version=&#8221;3.4.1&#8243;][et_pb_row admin_label=&#8221;Row&#8221; background_position=&#8221;top_left&#8221; background_repeat=&#8221;repeat&#8221; background_size=&#8221;initial&#8221; _builder_version=&#8221;3.4.1&#8243; custom_padding_tablet=&#8221;20px||0px|&#8221; custom_padding_last_edited=&#8221;on|tablet&#8221;][et_pb_column type=&#8221;4_4&#8243;][et_pb_text admin_label=&#8221;Como funciona a prote\u00e7\u00e3o de e-mail&#8221; background_layout=&#8221;light&#8221; text_orientation=&#8221;center&#8221; use_border_color=&#8221;off&#8221; border_color=&#8221;#ffffff&#8221; border_style=&#8221;solid&#8221; background_position=&#8221;top_left&#8221; background_repeat=&#8221;repeat&#8221; background_size=&#8221;initial&#8221; module_alignment=&#8221;center&#8221;]<\/p>\n<h2>Como funciona a prote\u00e7\u00e3o de e-mail<\/h2>\n<p>[\/et_pb_text][\/et_pb_column][\/et_pb_row][et_pb_row admin_label=&#8221;Row&#8221; background_position=&#8221;top_left&#8221; background_repeat=&#8221;repeat&#8221; background_size=&#8221;initial&#8221; _builder_version=&#8221;3.4.1&#8243;][et_pb_column type=&#8221;1_2&#8243;][et_pb_image admin_label=&#8221;Image&#8221; src=&#8221;https:\/\/sooma.com\/files\/2017\/07\/email-protection_sooma.svg&#8221; alt=&#8221;Email protection&#8221; title_text=&#8221;Email protection&#8221; show_in_lightbox=&#8221;off&#8221; url_new_window=&#8221;off&#8221; use_overlay=&#8221;off&#8221; animation=&#8221;off&#8221; sticky=&#8221;off&#8221; align=&#8221;center&#8221; force_fullwidth=&#8221;off&#8221; always_center_on_mobile=&#8221;on&#8221; use_border_color=&#8221;off&#8221; border_color=&#8221;#ffffff&#8221; border_style=&#8221;solid&#8221; max_width=&#8221;300px&#8221; animation_style=&#8221;none&#8221; animation_duration=&#8221;1000ms&#8221; animation_intensity_slide=&#8221;50%&#8221; show_bottom_space=&#8221;on&#8221; \/][\/et_pb_column][et_pb_column type=&#8221;1_2&#8243;][et_pb_text admin_label=&#8221;Text&#8221; background_layout=&#8221;light&#8221; text_orientation=&#8221;left&#8221; use_border_color=&#8221;off&#8221; border_color=&#8221;#ffffff&#8221; border_style=&#8221;solid&#8221; module_class=&#8221;solutions&#8221; background_position=&#8221;top_left&#8221; background_repeat=&#8221;repeat&#8221; background_size=&#8221;initial&#8221;]<\/p>\n<p>A seguran\u00e7a de e-mail recebe o e-mail para verifica\u00e7\u00e3o e decide se uma URL no corpo da mensagem precisa ser analisada. A URL \u00e9 ent\u00e3o reescrita e transformada em um hiperlink, com uma \u00fanica refer\u00eancia de usu\u00e1rio e um link para as Ame\u00e7as Combinadas da Sooma.<\/p>\n<p>Sempre que um usu\u00e1rio clicar no link, as Amea\u00e7as Combinadas da Sooma recebem a solicita\u00e7\u00e3o de an\u00e1lise.<\/p>\n<p>Em seguida, o conte\u00fado da Web associado com o link \u00e9 analisado, bem como seu comportamento e inten\u00e7\u00e3o<\/p>\n<p>A p\u00e1gina da Web \u00e9 fornecida ao usu\u00e1rio se ela estiver livre de c\u00f3digos maliciosos. Do contr\u00e1rio, o usu\u00e1rio recebe uma p\u00e1gina bloqueada indicando que o usu\u00e1rio est\u00e1 protegido de um ataque.<\/p>\n<p>[\/et_pb_text][et_pb_text admin_label=&#8221;Entre em contato para come\u00e7ar&#8221; use_border_color=&#8221;off&#8221; module_class=&#8221;solutions&#8221; background_position=&#8221;top_left&#8221; background_repeat=&#8221;repeat&#8221; background_size=&#8221;initial&#8221; _builder_version=&#8221;3.4.1&#8243;]<\/p>\n<p><a class=\"text-link\" href=\"\/pt-br\/contatos\/\">Entre em contato para come\u00e7ar \u2192<\/a><\/p>\n<p>[\/et_pb_text][\/et_pb_column][\/et_pb_row][\/et_pb_section]<\/p>\n","protected":false},"excerpt":{"rendered":"<p>Nosso servi\u00e7o de prote\u00e7\u00e3o de e-mail seguro protege contra ransomware, spam, comprometimento de e-mails de neg\u00f3cios, falsifica\u00e7\u00e3o e phising. Servi\u00e7os de prote\u00e7\u00e3o de correio O nosso servi\u00e7o seguro de prote\u00e7\u00e3o de email protege contra ransomware, spam, comprometimento de email comercial, spoofing e phishing. Defenda-se de amea\u00e7as ao seu email CN\u00f3s podemos bloquear quaisquer sites que [&hellip;]<\/p>\n","protected":false},"author":1456,"featured_media":0,"parent":0,"menu_order":0,"comment_status":"closed","ping_status":"closed","template":"","meta":{"_seopress_robots_primary_cat":"","_seopress_titles_title":"","_seopress_titles_desc":"","_seopress_robots_index":"","_et_pb_use_builder":"on","_et_pb_old_content":"","_et_gb_content_width":"","footnotes":""},"class_list":["post-1063","page","type-page","status-publish","hentry"],"_links":{"self":[{"href":"https:\/\/sooma.com\/pt-pt\/wp-json\/wp\/v2\/pages\/1063","targetHints":{"allow":["GET"]}}],"collection":[{"href":"https:\/\/sooma.com\/pt-pt\/wp-json\/wp\/v2\/pages"}],"about":[{"href":"https:\/\/sooma.com\/pt-pt\/wp-json\/wp\/v2\/types\/page"}],"author":[{"embeddable":true,"href":"https:\/\/sooma.com\/pt-pt\/wp-json\/wp\/v2\/users\/1456"}],"replies":[{"embeddable":true,"href":"https:\/\/sooma.com\/pt-pt\/wp-json\/wp\/v2\/comments?post=1063"}],"version-history":[{"count":0,"href":"https:\/\/sooma.com\/pt-pt\/wp-json\/wp\/v2\/pages\/1063\/revisions"}],"wp:attachment":[{"href":"https:\/\/sooma.com\/pt-pt\/wp-json\/wp\/v2\/media?parent=1063"}],"curies":[{"name":"wp","href":"https:\/\/api.w.org\/{rel}","templated":true}]}}