{"id":1071,"date":"2019-05-01T15:49:23","date_gmt":"2019-05-01T15:49:23","guid":{"rendered":"https:\/\/staging.sooma.com\/?page_id=1071"},"modified":"2019-05-29T15:36:29","modified_gmt":"2019-05-29T15:36:29","slug":"mailpro","status":"publish","type":"page","link":"https:\/\/sooma.com\/pt-pt\/mailpro\/","title":{"rendered":"MailPro"},"content":{"rendered":"<p>[et_pb_section bb_built=&#8221;1&#8243; admin_label=&#8221;Section&#8221; fullwidth=&#8221;on&#8221; specialty=&#8221;off&#8221; transparent_background=&#8221;off&#8221; allow_player_pause=&#8221;off&#8221; inner_shadow=&#8221;off&#8221; parallax=&#8221;off&#8221; parallax_method=&#8221;off&#8221; padding_mobile=&#8221;off&#8221; make_fullwidth=&#8221;off&#8221; use_custom_width=&#8221;off&#8221; width_unit=&#8221;on&#8221; make_equal=&#8221;off&#8221; use_custom_gutter=&#8221;off&#8221; custom_padding_tablet=&#8221;50px|0|50px|0&#8243; custom_padding_last_edited=&#8221;on|desktop&#8221; prev_background_color=&#8221;#000000&#8243; next_background_color=&#8221;#ffffff&#8221;][et_pb_fullwidth_header admin_label=&#8221;Intro&#8221; background_layout=&#8221;dark&#8221; text_orientation=&#8221;center&#8221; header_fullscreen=&#8221;off&#8221; header_scroll_down=&#8221;off&#8221; background_color=&#8221;#121b26&#8243; parallax=&#8221;off&#8221; parallax_method=&#8221;off&#8221; content_orientation=&#8221;center&#8221; image_orientation=&#8221;center&#8221; custom_button_one=&#8221;off&#8221; button_one_use_icon=&#8221;default&#8221; button_one_icon_placement=&#8221;right&#8221; button_one_on_hover=&#8221;on&#8221; custom_button_two=&#8221;off&#8221; button_two_use_icon=&#8221;default&#8221; button_two_icon_placement=&#8221;right&#8221; button_two_on_hover=&#8221;on&#8221; content_font_size=&#8221;24px&#8221; button_one_border_width=&#8221;0&#8243; button_two_border_width=&#8221;0&#8243; module_class=&#8221;intro-topo&#8221; content_max_width=&#8221;100%&#8221;]<\/p>\n<p>A solu\u00e7\u00e3o confi\u00e1vel de alojamento SMTP que garante o melhor \u00edndice de entrega<\/p>\n<p>[\/et_pb_fullwidth_header][\/et_pb_section][et_pb_section bb_built=&#8221;1&#8243; admin_label=&#8221;section&#8221; transparent_background=&#8221;off&#8221; allow_player_pause=&#8221;off&#8221; inner_shadow=&#8221;off&#8221; parallax=&#8221;off&#8221; parallax_method=&#8221;off&#8221; padding_mobile=&#8221;off&#8221; make_fullwidth=&#8221;off&#8221; use_custom_width=&#8221;off&#8221; width_unit=&#8221;on&#8221; make_equal=&#8221;off&#8221; use_custom_gutter=&#8221;off&#8221; custom_padding_tablet=&#8221;50px|0|50px|0&#8243; custom_padding_last_edited=&#8221;on|desktop&#8221; prev_background_color=&#8221;#ffffff&#8221; next_background_color=&#8221;#ffffff&#8221;][et_pb_row admin_label=&#8221;row&#8221; background_position=&#8221;top_left&#8221; background_repeat=&#8221;repeat&#8221; background_size=&#8221;initial&#8221; _builder_version=&#8221;3.4.1&#8243; custom_padding_tablet=&#8221;20px||0px|&#8221; custom_padding_last_edited=&#8221;on|tablet&#8221;][et_pb_column type=&#8221;4_4&#8243;][et_pb_text admin_label=&#8221;MailPro&#8221; background_layout=&#8221;light&#8221; text_orientation=&#8221;center&#8221; use_border_color=&#8221;off&#8221; border_color=&#8221;#ffffff&#8221; border_style=&#8221;solid&#8221; background_position=&#8221;top_left&#8221; background_repeat=&#8221;repeat&#8221; background_size=&#8221;initial&#8221; module_alignment=&#8221;center&#8221;]<\/p>\n<h1>MailPro<\/h1>\n<p>[\/et_pb_text][\/et_pb_column][\/et_pb_row][et_pb_row admin_label=&#8221;Row&#8221; custom_padding=&#8221;50px||80px|&#8221; parallax_method=&#8221;off&#8221; parallax_method_1=&#8221;off&#8221; parallax_method_2=&#8221;off&#8221; column_padding_mobile=&#8221;on&#8221; custom_css_main_element=&#8221;border-bottom: 2px dotted #ddd;&#8221; background_position=&#8221;top_left&#8221; background_repeat=&#8221;repeat&#8221; background_size=&#8221;initial&#8221; _builder_version=&#8221;3.4.1&#8243; custom_padding_tablet=&#8221;0px||70px|&#8221; custom_padding_last_edited=&#8221;on|tablet&#8221;][et_pb_column type=&#8221;1_2&#8243;][et_pb_text admin_label=&#8221;Destaque&#8221; background_layout=&#8221;light&#8221; text_orientation=&#8221;left&#8221; use_border_color=&#8221;off&#8221; border_color=&#8221;#ffffff&#8221; border_style=&#8221;solid&#8221; module_class=&#8221;destaque&#8221; background_position=&#8221;top_left&#8221; background_repeat=&#8221;repeat&#8221; background_size=&#8221;initial&#8221;]<\/p>\n<p>Sente-se restringido pela sua operadora atual? Precisa de um SMTP de sa\u00edda confi\u00e1vel para a sua aplica\u00e7\u00e3o de envio?<\/p>\n<p>[\/et_pb_text][\/et_pb_column][et_pb_column type=&#8221;1_2&#8243;][et_pb_text admin_label=&#8221;Text&#8221; background_layout=&#8221;light&#8221; text_orientation=&#8221;left&#8221; use_border_color=&#8221;off&#8221; border_color=&#8221;#ffffff&#8221; border_style=&#8221;solid&#8221; custom_padding=&#8221;20px|20px|20px|20px&#8221; custom_css_main_element=&#8221;box-shadow: -10px 10px 35px RGBA(20,114,226,.1);&#8221; background_position=&#8221;top_left&#8221; background_repeat=&#8221;repeat&#8221; background_size=&#8221;initial&#8221;]<\/p>\n<p><span class=\"more\">N<\/span>A Sooma disponibiliza alojamento SMTP para aplica\u00e7\u00f5es de envio de grandes volumes, SMTP transacional, newsletters e emails para marketing.<\/p>\n<p><span class=\"more\">N<\/span>A nossa solu\u00e7\u00e3o de alojamento SMTP \u00e9 f\u00e1cil de usar e integra-se com a sua aplica\u00e7\u00e3o de envio.<\/p>\n<p>[\/et_pb_text][\/et_pb_column][\/et_pb_row][\/et_pb_section][et_pb_section bb_built=&#8221;1&#8243; admin_label=&#8221;section&#8221; parallax_method=&#8221;off&#8221; custom_padding=&#8221;0px|||&#8221; background_color=&#8221;#ffffff&#8221; custom_padding_tablet=&#8221;0px|0px|50px|0px&#8221; custom_padding_last_edited=&#8221;on|tablet&#8221; prev_background_color=&#8221;#000000&#8243; _builder_version=&#8221;3.4.1&#8243;][et_pb_row admin_label=&#8221;Row&#8221; use_custom_width=&#8221;on&#8221; width_unit=&#8221;off&#8221; parallax_method=&#8221;off&#8221; parallax_method_1=&#8221;off&#8221; parallax_method_2=&#8221;off&#8221; column_padding_mobile=&#8221;on&#8221; custom_width_px=&#8221;700px&#8221; parallax_3=&#8221;off&#8221; parallax_method_3=&#8221;off&#8221; background_position=&#8221;top_left&#8221; background_repeat=&#8221;repeat&#8221; background_size=&#8221;initial&#8221; _builder_version=&#8221;3.4.1&#8243; custom_padding_tablet=&#8221;20px||0px|&#8221; custom_padding_last_edited=&#8221;on|tablet&#8221;][et_pb_column type=&#8221;1_2&#8243;][et_pb_text admin_label=&#8221;Emails transacionais e para marketing&#8221; background_layout=&#8221;light&#8221; text_orientation=&#8221;left&#8221; use_border_color=&#8221;off&#8221; border_color=&#8221;#ffffff&#8221; border_style=&#8221;solid&#8221; module_class=&#8221;solutions&#8221; background_position=&#8221;top_left&#8221; background_repeat=&#8221;repeat&#8221; background_size=&#8221;initial&#8221;]<\/p>\n<h5>Emails transacionais e para marketing<\/h5>\n<p>Oferecemos duas variedades de servi\u00e7os SMTP para responder aos seus requisitos mais exigentes: email transacional e para marketing. <\/p>\n<p>Quando se registar para este servi\u00e7o, iremos solicitar que selecione uma das variedades dependendo do tipo de mensagens que envia. Contacte-nos para configurar uma conta SMTP dividida para tudo o que necessitar.<\/p>\n<p>[\/et_pb_text][\/et_pb_column][et_pb_column type=&#8221;1_2&#8243;][et_pb_text admin_label=&#8221;SMTP em minutos&#8221; background_layout=&#8221;light&#8221; text_orientation=&#8221;left&#8221; use_border_color=&#8221;off&#8221; border_color=&#8221;#ffffff&#8221; border_style=&#8221;solid&#8221; module_class=&#8221;solutions&#8221; background_position=&#8221;top_left&#8221; background_repeat=&#8221;repeat&#8221; background_size=&#8221;initial&#8221;]<\/p>\n<h5>SMTP em minutos<\/h5>\n<p>Os nossos planos de alojamento SMTP s\u00e3o ideais para as organiza\u00e7\u00f5es que procuram uma solu\u00e7\u00e3o econ\u00f3mica para ultrapassar as restri\u00e7\u00f5es de SMTP da operadora de Internet, do alojador de email ou do servidor de aplica\u00e7\u00f5es. Primeiros passos:<\/p>\n<p><span class=\"visto\">N<\/span>Ligue as nossas configura\u00e7\u00f5es de autentica\u00e7\u00e3o SMTP \u00e0 sua aplica\u00e7\u00e3o, ou,<br \/>\n<span class=\"visto\">N<\/span>PFaculte o(s) seu(s) endere\u00e7o(s) IP de origem.<\/p>\n<p>Tamb\u00e9m podemos configurar registos DKIM e SPF nos seus Servidores de Nomes de Dom\u00ednio. No in\u00edcio, poder\u00e1 utilizar o nosso endere\u00e7o de devolu\u00e7\u00e3o para assinatura autom\u00e1tica DKIM.<\/p>\n<p>[\/et_pb_text][\/et_pb_column][\/et_pb_row][et_pb_row admin_label=&#8221;Row&#8221; use_custom_width=&#8221;on&#8221; width_unit=&#8221;off&#8221; parallax_method=&#8221;off&#8221; parallax_method_1=&#8221;off&#8221; parallax_method_2=&#8221;off&#8221; column_padding_mobile=&#8221;on&#8221; custom_width_px=&#8221;700px&#8221; parallax_3=&#8221;off&#8221; parallax_method_3=&#8221;off&#8221; background_position=&#8221;top_left&#8221; background_repeat=&#8221;repeat&#8221; background_size=&#8221;initial&#8221; _builder_version=&#8221;3.4.1&#8243; custom_padding_tablet=&#8221;0px|||&#8221; custom_padding_last_edited=&#8221;on|tablet&#8221;][et_pb_column type=&#8221;1_2&#8243;][et_pb_text admin_label=&#8221;Escalar e guardar&#8221; background_layout=&#8221;light&#8221; text_orientation=&#8221;left&#8221; use_border_color=&#8221;off&#8221; border_color=&#8221;#ffffff&#8221; border_style=&#8221;solid&#8221; module_class=&#8221;solutions&#8221; background_position=&#8221;top_left&#8221; background_repeat=&#8221;repeat&#8221; background_size=&#8221;initial&#8221;]<\/p>\n<h5>Escalar e guardar<\/h5>\n<p>O seu custo por mil vai baixando \u00e0 medida que o seu volume SMTP aumenta. Se enviar 750.000 ou mais por m\u00eas, podemos alavancar o nosso servi\u00e7o e fixar um pre\u00e7o mensal. Poder\u00e1 fazer envios ilimitados por uma tarifa mensal fixa, utilizando um ou mais endere\u00e7os IP dedicados para as suas mensagens de sa\u00edda.<\/p>\n<p>[\/et_pb_text][\/et_pb_column][et_pb_column type=&#8221;1_2&#8243;][et_pb_text admin_label=&#8221;Sistema de gest\u00e3o de campanhas&#8221; background_layout=&#8221;light&#8221; text_orientation=&#8221;left&#8221; use_border_color=&#8221;off&#8221; border_color=&#8221;#ffffff&#8221; border_style=&#8221;solid&#8221; module_class=&#8221;solutions&#8221; background_position=&#8221;top_left&#8221; background_repeat=&#8221;repeat&#8221; background_size=&#8221;initial&#8221;]<\/p>\n<h5>Sistema de gest\u00e3o de campanhas<\/h5>\n<p>O nosso sistema de gest\u00e3o de campanhas alojado permite-lhe gerir as suas listas e campanhas de forma econ\u00f3mica, atrav\u00e9s de um painel de controlo intuitivo passado pela web. Est\u00e1 dispon\u00edvel como op\u00e7\u00e3o extra por 25 \u20ac por m\u00eas e integra-se perfeitamente com a sua conta de alojamento SMTP. Contacte-nos para mais informa\u00e7\u00f5es.<\/p>\n<p>A solu\u00e7\u00e3o de alojamento SMTP da Sooma \u00e9 rigorosamente regulada de acordo com a nossa pol\u00edtica anti-spam de toler\u00e2ncia zero. Suportamos o envio baseado em permiss\u00e3o. Dever\u00e1 seguir as diretrizes CAN-SPAM. Por favor, consulte o nosso acordo de Termos de Servi\u00e7o e certifique-se de que compreende e aceita os termos antes de registar uma conta.<\/p>\n<p>[\/et_pb_text][\/et_pb_column][\/et_pb_row][\/et_pb_section]<\/p>\n","protected":false},"excerpt":{"rendered":"<p>A solu\u00e7\u00e3o confi\u00e1vel de alojamento SMTP que garante o melhor \u00edndice de entrega MailPro Sente-se restringido pela sua operadora atual? Precisa de um SMTP de sa\u00edda confi\u00e1vel para a sua aplica\u00e7\u00e3o de envio? NA Sooma disponibiliza alojamento SMTP para aplica\u00e7\u00f5es de envio de grandes volumes, SMTP transacional, newsletters e emails para marketing. NA nossa solu\u00e7\u00e3o [&hellip;]<\/p>\n","protected":false},"author":1456,"featured_media":0,"parent":0,"menu_order":0,"comment_status":"closed","ping_status":"closed","template":"","meta":{"_seopress_robots_primary_cat":"","_seopress_titles_title":"","_seopress_titles_desc":"","_seopress_robots_index":"","_seopress_analysis_target_kw":"","_et_pb_use_builder":"on","_et_pb_old_content":"","_et_gb_content_width":"","footnotes":""},"class_list":["post-1071","page","type-page","status-publish","hentry"],"_links":{"self":[{"href":"https:\/\/sooma.com\/pt-pt\/wp-json\/wp\/v2\/pages\/1071","targetHints":{"allow":["GET"]}}],"collection":[{"href":"https:\/\/sooma.com\/pt-pt\/wp-json\/wp\/v2\/pages"}],"about":[{"href":"https:\/\/sooma.com\/pt-pt\/wp-json\/wp\/v2\/types\/page"}],"author":[{"embeddable":true,"href":"https:\/\/sooma.com\/pt-pt\/wp-json\/wp\/v2\/users\/1456"}],"replies":[{"embeddable":true,"href":"https:\/\/sooma.com\/pt-pt\/wp-json\/wp\/v2\/comments?post=1071"}],"version-history":[{"count":0,"href":"https:\/\/sooma.com\/pt-pt\/wp-json\/wp\/v2\/pages\/1071\/revisions"}],"wp:attachment":[{"href":"https:\/\/sooma.com\/pt-pt\/wp-json\/wp\/v2\/media?parent=1071"}],"curies":[{"name":"wp","href":"https:\/\/api.w.org\/{rel}","templated":true}]}}