{"id":1096,"date":"2019-05-03T11:53:34","date_gmt":"2019-05-03T11:53:34","guid":{"rendered":"https:\/\/staging.sooma.com\/?page_id=1096"},"modified":"2019-06-06T13:18:07","modified_gmt":"2019-06-06T13:18:07","slug":"contatos","status":"publish","type":"page","link":"https:\/\/sooma.com\/pt-pt\/contatos\/","title":{"rendered":"Contatos"},"content":{"rendered":"<p>[et_pb_section bb_built=&#8221;1&#8243; admin_label=&#8221;Section&#8221;][et_pb_row admin_label=&#8221;row&#8221; background_position=&#8221;top_left&#8221; background_repeat=&#8221;repeat&#8221; background_size=&#8221;initial&#8221; _builder_version=&#8221;3.4.1&#8243; custom_padding_tablet=&#8221;20px||0px|&#8221; custom_padding_last_edited=&#8221;on|tablet&#8221;][et_pb_column type=&#8221;4_4&#8243;][et_pb_text admin_label=&#8221;Contatos&#8221; text_orientation=&#8221;center&#8221; use_border_color=&#8221;off&#8221; border_color=&#8221;#ffffff&#8221; border_style=&#8221;solid&#8221; background_position=&#8221;top_left&#8221; background_repeat=&#8221;repeat&#8221; background_size=&#8221;initial&#8221; module_alignment=&#8221;center&#8221; _builder_version=&#8221;3.4.1&#8243;]<\/p>\n<h1>Contatos<\/h1>\n<p>[\/et_pb_text][\/et_pb_column][\/et_pb_row][et_pb_row admin_label=&#8221;Row&#8221; _builder_version=&#8221;3.4.1&#8243; custom_padding_tablet=&#8221;0px|||&#8221; custom_padding_last_edited=&#8221;on|tablet&#8221;][et_pb_column type=&#8221;1_3&#8243;][et_pb_text admin_label=&#8221;Text&#8221; _builder_version=&#8221;3.4.1&#8243;]<\/p>\n<p>Se voc\u00ea tiver alguma d\u00favida ou quiser entrar em contato com nossa equipe, preencha o formul\u00e1rio de contato \u00e0 direita.<\/p>\n<p>Opcionalmente, voc\u00ea pode nos enviar uma mensagem para <a href=\"mailto:ask@sooma.com\">ask@sooma.com<\/a> ou contatar nossos escrit\u00f3rios em:<\/p>\n<p>[\/et_pb_text][et_pb_text admin_label=&#8221;Business Development&#8221; _builder_version=&#8221;3.4.1&#8243;]<\/p>\n<p><strong>Desenvolvimento de Neg\u00f3cios<\/strong><br \/>\n100 Pall Mall, St James<br \/>\nLondon SW1Y 5NQ, United Kingdom<br \/>\nPhone +44 808 134 99 00<\/p>\n<p>[\/et_pb_text][et_pb_text admin_label=&#8221;Sede&#8221; _builder_version=&#8221;3.4.1&#8243;]<\/p>\n<p><strong>Sede<\/strong><br \/>\nRua Dom Jo\u00e3o I, 99<br \/>\n4050-164 Porto, Portugal<\/p>\n<p>[\/et_pb_text][et_pb_text admin_label=&#8221;Text&#8221; _builder_version=&#8221;3.4.1&#8243;]<\/p>\n<p>Entraremos em contato brevemente.<\/p>\n<p>[\/et_pb_text][\/et_pb_column][et_pb_column type=&#8221;2_3&#8243;][et_pb_text admin_label=&#8221;Entre em contato. Adorar\u00edamos ouvir voc\u00ea!&#8221; _builder_version=&#8221;3.4.1&#8243; custom_margin=&#8221;||0px|&#8221;]<\/p>\n<h3>Entre em contato. Adorar\u00edamos ouvir voc\u00ea!<\/h3>\n<p>[\/et_pb_text][et_pb_text admin_label=&#8221;Text&#8221; _builder_version=&#8221;3.4.1&#8243;]<\/p>\n<p>[gravityform id=&#8221;1&#8243; title=&#8221;false&#8221; description=&#8221;false&#8221;]<\/p>\n<p>[\/et_pb_text][\/et_pb_column][\/et_pb_row][\/et_pb_section]<\/p>\n","protected":false},"excerpt":{"rendered":"<p>Contatos Se voc\u00ea tiver alguma d\u00favida ou quiser entrar em contato com nossa equipe, preencha o formul\u00e1rio de contato \u00e0 direita. Opcionalmente, voc\u00ea pode nos enviar uma mensagem para ask@sooma.com ou contatar nossos escrit\u00f3rios em: Desenvolvimento de Neg\u00f3cios 100 Pall Mall, St James London SW1Y 5NQ, United Kingdom Phone +44 808 134 99 00 Sede [&hellip;]<\/p>\n","protected":false},"author":1456,"featured_media":0,"parent":0,"menu_order":0,"comment_status":"closed","ping_status":"closed","template":"","meta":{"_seopress_robots_primary_cat":"","_seopress_titles_title":"","_seopress_titles_desc":"","_seopress_robots_index":"","_et_pb_use_builder":"on","_et_pb_old_content":"","_et_gb_content_width":"","footnotes":""},"class_list":["post-1096","page","type-page","status-publish","hentry"],"_links":{"self":[{"href":"https:\/\/sooma.com\/pt-pt\/wp-json\/wp\/v2\/pages\/1096","targetHints":{"allow":["GET"]}}],"collection":[{"href":"https:\/\/sooma.com\/pt-pt\/wp-json\/wp\/v2\/pages"}],"about":[{"href":"https:\/\/sooma.com\/pt-pt\/wp-json\/wp\/v2\/types\/page"}],"author":[{"embeddable":true,"href":"https:\/\/sooma.com\/pt-pt\/wp-json\/wp\/v2\/users\/1456"}],"replies":[{"embeddable":true,"href":"https:\/\/sooma.com\/pt-pt\/wp-json\/wp\/v2\/comments?post=1096"}],"version-history":[{"count":0,"href":"https:\/\/sooma.com\/pt-pt\/wp-json\/wp\/v2\/pages\/1096\/revisions"}],"wp:attachment":[{"href":"https:\/\/sooma.com\/pt-pt\/wp-json\/wp\/v2\/media?parent=1096"}],"curies":[{"name":"wp","href":"https:\/\/api.w.org\/{rel}","templated":true}]}}