{"id":1370,"date":"2019-06-05T11:03:04","date_gmt":"2019-06-05T11:03:04","guid":{"rendered":"https:\/\/staging.sooma.com\/?page_id=1370"},"modified":"2019-08-07T15:53:48","modified_gmt":"2019-08-07T15:53:48","slug":"prestadores-de-servicos","status":"publish","type":"page","link":"https:\/\/sooma.com\/pt-pt\/prestadores-de-servicos\/","title":{"rendered":"Prestadores de Servi\u00e7os"},"content":{"rendered":"<p>[et_pb_section bb_built=&#8221;1&#8243; admin_label=&#8221;Section&#8221; fullwidth=&#8221;on&#8221; specialty=&#8221;off&#8221; transparent_background=&#8221;off&#8221; allow_player_pause=&#8221;off&#8221; inner_shadow=&#8221;off&#8221; parallax=&#8221;off&#8221; parallax_method=&#8221;off&#8221; padding_mobile=&#8221;off&#8221; make_fullwidth=&#8221;off&#8221; use_custom_width=&#8221;off&#8221; width_unit=&#8221;on&#8221; make_equal=&#8221;off&#8221; use_custom_gutter=&#8221;off&#8221; module_id=&#8221;service-providers&#8221; custom_padding_tablet=&#8221;50px|0|50px|0&#8243; custom_padding_last_edited=&#8221;on|desktop&#8221; prev_background_color=&#8221;#000000&#8243; next_background_color=&#8221;#ffffff&#8221;][et_pb_fullwidth_header admin_label=&#8221;Solu\u00e7\u00f5es &#8221; text_orientation=&#8221;center&#8221; background_color=&#8221;#121b26&#8243; content_font_size=&#8221;24px&#8221; module_class=&#8221;intro-topo&#8221; _builder_version=&#8221;3.4.1&#8243; max_width_tablet=&#8221;50px&#8221;]<\/p>\n<p>Solu\u00e7\u00e3o para grandes prestadores de servi\u00e7os que desejam prestar aos seus clientes servi\u00e7os de email seguro e de elevado desempenho.<\/p>\n<p>[\/et_pb_fullwidth_header][\/et_pb_section][et_pb_section bb_built=&#8221;1&#8243; admin_label=&#8221;section&#8221; transparent_background=&#8221;off&#8221; parallax_method=&#8221;off&#8221; module_id=&#8221;service-providers&#8221; custom_padding_tablet=&#8221;50px|||&#8221; custom_padding_last_edited=&#8221;on|tablet&#8221; _builder_version=&#8221;3.4.1&#8243; prev_background_color=&#8221;#000000&#8243;][et_pb_row admin_label=&#8221;row&#8221; background_position=&#8221;top_left&#8221; background_repeat=&#8221;repeat&#8221; background_size=&#8221;initial&#8221; _builder_version=&#8221;3.4.1&#8243; custom_padding_tablet=&#8221;20px||0px|&#8221; custom_padding_last_edited=&#8221;on|tablet&#8221;][et_pb_column type=&#8221;4_4&#8243;][et_pb_text admin_label=&#8221;Prestadores de Servi\u00e7os&#8221; text_orientation=&#8221;center&#8221; use_border_color=&#8221;off&#8221; border_color=&#8221;#ffffff&#8221; border_style=&#8221;solid&#8221; background_position=&#8221;top_left&#8221; background_repeat=&#8221;repeat&#8221; background_size=&#8221;initial&#8221; module_alignment=&#8221;center&#8221; _builder_version=&#8221;3.4.1&#8243;]<\/p>\n<h1>Prestadores de Servi\u00e7os<\/h1>\n<p>[\/et_pb_text][\/et_pb_column][\/et_pb_row][et_pb_row admin_label=&#8221;Row&#8221; custom_padding=&#8221;50px||80px|&#8221; parallax_method=&#8221;off&#8221; parallax_method_1=&#8221;off&#8221; parallax_method_2=&#8221;off&#8221; column_padding_mobile=&#8221;on&#8221; background_position=&#8221;top_left&#8221; background_repeat=&#8221;repeat&#8221; background_size=&#8221;initial&#8221; _builder_version=&#8221;3.4.1&#8243; custom_padding_tablet=&#8221;0px||70px|&#8221; custom_padding_last_edited=&#8221;on|tablet&#8221;][et_pb_column type=&#8221;1_2&#8243;][et_pb_text admin_label=&#8221;Destaque&#8221; background_layout=&#8221;light&#8221; text_orientation=&#8221;left&#8221; use_border_color=&#8221;off&#8221; border_color=&#8221;#ffffff&#8221; border_style=&#8221;solid&#8221; module_class=&#8221;destaque&#8221; background_position=&#8221;top_left&#8221; background_repeat=&#8221;repeat&#8221; background_size=&#8221;initial&#8221;]<\/p>\n<p>A Sooma \u00e9 uma solu\u00e7\u00e3o de n\u00edvel de operadora para provedores de servi\u00e7os que desejam implantar o servi\u00e7o de e-mail corporativo avan\u00e7ado.<\/p>\n<p>[\/et_pb_text][\/et_pb_column][et_pb_column type=&#8221;1_2&#8243;][et_pb_text admin_label=&#8221;Text&#8221; background_layout=&#8221;light&#8221; text_orientation=&#8221;left&#8221; use_border_color=&#8221;off&#8221; border_color=&#8221;#ffffff&#8221; border_style=&#8221;solid&#8221; background_position=&#8221;top_left&#8221; background_repeat=&#8221;repeat&#8221; background_size=&#8221;initial&#8221;]<\/p>\n<p>A Sooma fornece aos prestadores de servi\u00e7o uma solu\u00e7\u00e3o de e-mail segura, escal\u00e1vel, de alto desempenho e tolerante a falhas. Nosso servi\u00e7o \u00e9 feito para voc\u00ea se:<\/p>\n<p>[\/et_pb_text][et_pb_text admin_label=&#8221;Text&#8221; background_layout=&#8221;light&#8221; text_orientation=&#8221;left&#8221; use_border_color=&#8221;off&#8221; border_color=&#8221;#ffffff&#8221; border_style=&#8221;solid&#8221; custom_padding=&#8221;20px|20px|20px|20px&#8221; custom_css_main_element=&#8221;box-shadow: -10px 10px 35px RGBA(20,114,226,.1);&#8221; background_position=&#8221;top_left&#8221; background_repeat=&#8221;repeat&#8221; background_size=&#8221;initial&#8221;]<\/p>\n<p><span class=\"more\">N<\/span>Voc\u00ea n\u00e3o tem nenhuma infraestrutura existente.<\/p>\n<p><span class=\"more\">N<\/span>Voc\u00ea quer aproveitar a experi\u00eancia de ter a Sooma lidando com suas necessidades de e-mail.<\/p>\n<p><span class=\"more\">N<\/span>Voc\u00ea precisa de um ambiente escal\u00e1vel e remodel\u00e1vel de v\u00e1rios dom\u00ednios<\/p>\n<p>[\/et_pb_text][\/et_pb_column][\/et_pb_row][et_pb_row admin_label=&#8221;Row&#8221; parallax_method=&#8221;off&#8221; parallax_method_1=&#8221;off&#8221; parallax_method_2=&#8221;off&#8221; column_padding_mobile=&#8221;on&#8221; custom_width_px=&#8221;700px&#8221; parallax_method_3=&#8221;off&#8221; background_position=&#8221;top_left&#8221; background_repeat=&#8221;repeat&#8221; background_size=&#8221;initial&#8221; _builder_version=&#8221;3.4.1&#8243; custom_padding_tablet=&#8221;10px||0px|&#8221; custom_padding_last_edited=&#8221;on|tablet&#8221;][et_pb_column type=&#8221;1_3&#8243;][et_pb_text admin_label=&#8221;Pre\u00e7os para parceiros, margens m\u00e1ximas&#8221; background_layout=&#8221;light&#8221; text_orientation=&#8221;left&#8221; use_border_color=&#8221;off&#8221; border_color=&#8221;#ffffff&#8221; border_style=&#8221;solid&#8221; module_class=&#8221;solutions&#8221; background_position=&#8221;top_left&#8221; background_repeat=&#8221;repeat&#8221; background_size=&#8221;initial&#8221;]<\/p>\n<h5>Pre\u00e7os para parceiros, margens m\u00e1ximas<\/h5>\n<p>N\u00f3s oferecemos um modelo de pre\u00e7os focados no lucro que permite que os parceiros ganhe excelentes margens e tamb\u00e9m desfrutem de receitas mensais em curso.<\/p>\n<p>[\/et_pb_text][\/et_pb_column][et_pb_column type=&#8221;1_3&#8243;][et_pb_text admin_label=&#8221;Simplicidade baseada em nuvem&#8221; background_layout=&#8221;light&#8221; text_orientation=&#8221;left&#8221; use_border_color=&#8221;off&#8221; border_color=&#8221;#ffffff&#8221; border_style=&#8221;solid&#8221; module_class=&#8221;solutions&#8221; background_position=&#8221;top_left&#8221; background_repeat=&#8221;repeat&#8221; background_size=&#8221;initial&#8221;]<\/p>\n<h5>Simplicidade baseada em nuvem<\/h5>\n<p>Como um servi\u00e7o baseado em SAAS (software como servi\u00e7o), n\u00f3s temos todos os recursos para gerenciar suas necessidades de e-mail, por apenas uma simples assinatura mensal.<\/p>\n<p>[\/et_pb_text][\/et_pb_column][et_pb_column type=&#8221;1_3&#8243;][et_pb_text admin_label=&#8221;Ambiente de dom\u00ednios ilimitado&#8221; background_layout=&#8221;light&#8221; text_orientation=&#8221;left&#8221; use_border_color=&#8221;off&#8221; border_color=&#8221;#ffffff&#8221; border_style=&#8221;solid&#8221; module_class=&#8221;solutions&#8221; background_position=&#8221;top_left&#8221; background_repeat=&#8221;repeat&#8221; background_size=&#8221;initial&#8221;]<\/p>\n<h5>Ambiente de dom\u00ednios ilimitado<\/h5>\n<p>Voc\u00ea pode adicionar quantos dom\u00ednios desejar. Voc\u00ea s\u00f3 ser\u00e1 cobrado em rela\u00e7\u00e3o \u00e0s contas de e-mail criadas.<\/p>\n<p>[\/et_pb_text][\/et_pb_column][\/et_pb_row][et_pb_row admin_label=&#8221;Row&#8221; background_position=&#8221;top_left&#8221; background_repeat=&#8221;repeat&#8221; background_size=&#8221;initial&#8221; _builder_version=&#8221;3.4.1&#8243; custom_padding_tablet=&#8221;0px||0px|&#8221; custom_padding_last_edited=&#8221;on|tablet&#8221;][et_pb_column type=&#8221;1_3&#8243;][et_pb_text admin_label=&#8221;Gerenciamento centralizado&#8221; background_layout=&#8221;light&#8221; text_orientation=&#8221;left&#8221; use_border_color=&#8221;off&#8221; border_color=&#8221;#ffffff&#8221; border_style=&#8221;solid&#8221; module_class=&#8221;solutions&#8221; background_position=&#8221;top_left&#8221; background_repeat=&#8221;repeat&#8221; background_size=&#8221;initial&#8221;]<\/p>\n<h5>Gerenciamento centralizado<\/h5>\n<p>Com a Sooma, voc\u00ea pode gerenciar efetivamente todos os seus clientes e fornecer, com confian\u00e7a, o suporte essencial para seus clientes atrav\u00e9s de um \u00fanico painel de controle.<\/p>\n<p>[\/et_pb_text][\/et_pb_column][et_pb_column type=&#8221;1_3&#8243;][et_pb_text admin_label=&#8221;V\u00e1rias op\u00e7\u00f5es de implanta\u00e7\u00e3o&#8221; background_layout=&#8221;light&#8221; text_orientation=&#8221;left&#8221; use_border_color=&#8221;off&#8221; border_color=&#8221;#ffffff&#8221; border_style=&#8221;solid&#8221; module_class=&#8221;solutions&#8221; background_position=&#8221;top_left&#8221; background_repeat=&#8221;repeat&#8221; background_size=&#8221;initial&#8221;]<\/p>\n<h5>V\u00e1rias op\u00e7\u00f5es de implanta\u00e7\u00e3o<\/h5>\n<p>Poder\u00e1 personalizar cada implanta\u00e7\u00e3o conforme as necessidades dos seus clientes, seja diretamente ou atrav\u00e9s do nosso ambiente parceiro em cloud.<\/p>\n<p>[\/et_pb_text][\/et_pb_column][et_pb_column type=&#8221;1_3&#8243;][et_pb_text admin_label=&#8221;Visibilidade incompar\u00e1vel&#8221; background_layout=&#8221;light&#8221; text_orientation=&#8221;left&#8221; use_border_color=&#8221;off&#8221; border_color=&#8221;#ffffff&#8221; border_style=&#8221;solid&#8221; module_class=&#8221;solutions&#8221; background_position=&#8221;top_left&#8221; background_repeat=&#8221;repeat&#8221; background_size=&#8221;initial&#8221;]<\/p>\n<h5>Visibilidade incompar\u00e1vel<\/h5>\n<p>Acesse a atividade de seu cliente e usu\u00e1rio, veja as estat\u00edsticas, execute relat\u00f3rios e maximize seu desempenhos atrav\u00e9s de nossa interface simples de administrador na web<\/p>\n<p>[\/et_pb_text][\/et_pb_column][\/et_pb_row][et_pb_row admin_label=&#8221;Row&#8221; background_position=&#8221;top_left&#8221; background_repeat=&#8221;repeat&#8221; background_size=&#8221;initial&#8221; _builder_version=&#8221;3.4.1&#8243; custom_padding_tablet=&#8221;0px||0px|&#8221; custom_padding_last_edited=&#8221;on|tablet&#8221;][et_pb_column type=&#8221;1_3&#8243;][et_pb_text admin_label=&#8221;Gerenciamento completo de usu\u00e1rio ou sub-usu\u00e1rio&#8221; background_layout=&#8221;light&#8221; text_orientation=&#8221;left&#8221; use_border_color=&#8221;off&#8221; border_color=&#8221;#ffffff&#8221; border_style=&#8221;solid&#8221; module_class=&#8221;solutions&#8221; background_position=&#8221;top_left&#8221; background_repeat=&#8221;repeat&#8221; background_size=&#8221;initial&#8221;]<\/p>\n<h5>Gerenciamento completo de usu\u00e1rio ou sub-usu\u00e1rio<\/h5>\n<p>A Sooma permite que voc\u00ea execute privil\u00e9gios de administrador, gerencie os n\u00edveis de acesso de seus clientes e tamb\u00e9m proporcione a eles seu acesso ao gerenciamento de dom\u00ednio e usu\u00e1rio.<\/p>\n<p>[\/et_pb_text][\/et_pb_column][et_pb_column type=&#8221;1_3&#8243;][et_pb_text admin_label=&#8221;Flexibilidade de marca&#8221; background_layout=&#8221;light&#8221; text_orientation=&#8221;left&#8221; use_border_color=&#8221;off&#8221; border_color=&#8221;#ffffff&#8221; border_style=&#8221;solid&#8221; module_class=&#8221;solutions&#8221; background_position=&#8221;top_left&#8221; background_repeat=&#8221;repeat&#8221; background_size=&#8221;initial&#8221;]<\/p>\n<h5>Flexibilidade de marca<\/h5>\n<p>Projete a imagem de sua marca usando os recursos completos fornecidos pela Sooma.<\/p>\n<p>[\/et_pb_text][\/et_pb_column][et_pb_column type=&#8221;1_3&#8243;][et_pb_text admin_label=&#8221;Atualiza\u00e7\u00f5es autom\u00e1ticas&#8221; background_layout=&#8221;light&#8221; text_orientation=&#8221;left&#8221; use_border_color=&#8221;off&#8221; border_color=&#8221;#ffffff&#8221; border_style=&#8221;solid&#8221; module_class=&#8221;solutions&#8221; background_position=&#8221;top_left&#8221; background_repeat=&#8221;repeat&#8221; background_size=&#8221;initial&#8221;]<\/p>\n<h5>Atualiza\u00e7\u00f5es autom\u00e1ticas<\/h5>\n<p>Voc\u00ea n\u00e3o precisa se preocupar com atualiza\u00e7\u00f5es de vers\u00f5es, lan\u00e7amentos ou patches de seguran\u00e7a. Tudo isso ser\u00e1 gerenciado para voc\u00ea.<\/p>\n<p>[\/et_pb_text][\/et_pb_column][\/et_pb_row][et_pb_row admin_label=&#8221;Row&#8221; background_position=&#8221;top_left&#8221; background_repeat=&#8221;repeat&#8221; background_size=&#8221;initial&#8221; _builder_version=&#8221;3.4.1&#8243; custom_padding_tablet=&#8221;0px|||&#8221; custom_padding_last_edited=&#8221;on|tablet&#8221;][et_pb_column type=&#8221;1_3&#8243;][et_pb_text admin_label=&#8221;Seguran\u00e7a de primeira qualidade&#8221; background_layout=&#8221;light&#8221; text_orientation=&#8221;left&#8221; use_border_color=&#8221;off&#8221; border_color=&#8221;#ffffff&#8221; border_style=&#8221;solid&#8221; module_class=&#8221;solutions&#8221; background_position=&#8221;top_left&#8221; background_repeat=&#8221;repeat&#8221; background_size=&#8221;initial&#8221;]<\/p>\n<h5>Seguran\u00e7a de primeira qualidade<\/h5>\n<p>Os produtos da Sooma s\u00e3o criados em conson\u00e2ncia com os padr\u00f5es da ind\u00fastria, atrav\u00e9s de testes rigorosos para melhorar seu desempenho do usu\u00e1rio.<\/p>\n<p>[\/et_pb_text][\/et_pb_column][et_pb_column type=&#8221;1_3&#8243;][et_pb_text admin_label=&#8221;Recursos exclusivos&#8221; background_layout=&#8221;light&#8221; text_orientation=&#8221;left&#8221; use_border_color=&#8221;off&#8221; border_color=&#8221;#ffffff&#8221; border_style=&#8221;solid&#8221; module_class=&#8221;solutions&#8221; background_position=&#8221;top_left&#8221; background_repeat=&#8221;repeat&#8221; background_size=&#8221;initial&#8221;]<\/p>\n<h5>Recursos exclusivos<\/h5>\n<p>Melhore sua oferta de e-mails e ganhe mais vantagens com nossos documentos e recursos personaliz\u00e1veis.<\/p>\n<p>[\/et_pb_text][\/et_pb_column][et_pb_column type=&#8221;1_3&#8243;][\/et_pb_column][\/et_pb_row][\/et_pb_section]<\/p>\n","protected":false},"excerpt":{"rendered":"<p>Solu\u00e7\u00e3o para grandes prestadores de servi\u00e7os que desejam prestar aos seus clientes servi\u00e7os de email seguro e de elevado desempenho. Prestadores de Servi\u00e7os A Sooma \u00e9 uma solu\u00e7\u00e3o de n\u00edvel de operadora para provedores de servi\u00e7os que desejam implantar o servi\u00e7o de e-mail corporativo avan\u00e7ado. A Sooma fornece aos prestadores de servi\u00e7o uma solu\u00e7\u00e3o de [&hellip;]<\/p>\n","protected":false},"author":1456,"featured_media":0,"parent":0,"menu_order":0,"comment_status":"closed","ping_status":"closed","template":"","meta":{"_seopress_robots_primary_cat":"","_seopress_titles_title":"","_seopress_titles_desc":"","_seopress_robots_index":"","_seopress_analysis_target_kw":"","_et_pb_use_builder":"on","_et_pb_old_content":"","_et_gb_content_width":"","footnotes":""},"class_list":["post-1370","page","type-page","status-publish","hentry"],"_links":{"self":[{"href":"https:\/\/sooma.com\/pt-pt\/wp-json\/wp\/v2\/pages\/1370","targetHints":{"allow":["GET"]}}],"collection":[{"href":"https:\/\/sooma.com\/pt-pt\/wp-json\/wp\/v2\/pages"}],"about":[{"href":"https:\/\/sooma.com\/pt-pt\/wp-json\/wp\/v2\/types\/page"}],"author":[{"embeddable":true,"href":"https:\/\/sooma.com\/pt-pt\/wp-json\/wp\/v2\/users\/1456"}],"replies":[{"embeddable":true,"href":"https:\/\/sooma.com\/pt-pt\/wp-json\/wp\/v2\/comments?post=1370"}],"version-history":[{"count":0,"href":"https:\/\/sooma.com\/pt-pt\/wp-json\/wp\/v2\/pages\/1370\/revisions"}],"wp:attachment":[{"href":"https:\/\/sooma.com\/pt-pt\/wp-json\/wp\/v2\/media?parent=1370"}],"curies":[{"name":"wp","href":"https:\/\/api.w.org\/{rel}","templated":true}]}}