{"id":1375,"date":"2019-06-05T11:08:40","date_gmt":"2019-06-05T11:08:40","guid":{"rendered":"https:\/\/staging.sooma.com\/?page_id=1375"},"modified":"2019-06-05T11:22:09","modified_gmt":"2019-06-05T11:22:09","slug":"solucoes-empresas","status":"publish","type":"page","link":"https:\/\/sooma.com\/pt-pt\/solucoes-empresas\/","title":{"rendered":"Empresas"},"content":{"rendered":"<p>[et_pb_section bb_built=&#8221;1&#8243; admin_label=&#8221;Section&#8221; fullwidth=&#8221;on&#8221; specialty=&#8221;off&#8221; transparent_background=&#8221;off&#8221; allow_player_pause=&#8221;off&#8221; inner_shadow=&#8221;off&#8221; parallax=&#8221;off&#8221; parallax_method=&#8221;off&#8221; padding_mobile=&#8221;off&#8221; make_fullwidth=&#8221;off&#8221; use_custom_width=&#8221;off&#8221; width_unit=&#8221;on&#8221; make_equal=&#8221;off&#8221; use_custom_gutter=&#8221;off&#8221; module_id=&#8221;service-providers&#8221; custom_padding_tablet=&#8221;50px|0|50px|0&#8243; custom_padding_last_edited=&#8221;on|desktop&#8221; prev_background_color=&#8221;#000000&#8243; next_background_color=&#8221;#ffffff&#8221;][et_pb_fullwidth_header admin_label=&#8221;Solu\u00e7\u00f5es &#8221; background_layout=&#8221;dark&#8221; text_orientation=&#8221;center&#8221; header_fullscreen=&#8221;off&#8221; header_scroll_down=&#8221;off&#8221; background_color=&#8221;#121b26&#8243; parallax=&#8221;off&#8221; parallax_method=&#8221;off&#8221; content_orientation=&#8221;center&#8221; image_orientation=&#8221;center&#8221; custom_button_one=&#8221;off&#8221; button_one_use_icon=&#8221;default&#8221; button_one_icon_placement=&#8221;right&#8221; button_one_on_hover=&#8221;on&#8221; custom_button_two=&#8221;off&#8221; button_two_use_icon=&#8221;default&#8221; button_two_icon_placement=&#8221;right&#8221; button_two_on_hover=&#8221;on&#8221; content_font_size=&#8221;24px&#8221; button_one_border_width=&#8221;0&#8243; button_two_border_width=&#8221;0&#8243; module_class=&#8221;intro-topo&#8221; content_max_width=&#8221;100%&#8221;]<\/p>\n<p>Solu\u00e7\u00e3o de email de n\u00edvel empresarial com v\u00e1rias op\u00e7\u00f5es de instala\u00e7\u00e3o para prestadores de servi\u00e7os.<\/p>\n<p>[\/et_pb_fullwidth_header][\/et_pb_section][et_pb_section bb_built=&#8221;1&#8243; admin_label=&#8221;section&#8221; parallax_method=&#8221;off&#8221; module_id=&#8221;business&#8221; custom_padding_last_edited=&#8221;on|tablet&#8221; _builder_version=&#8221;3.4.1&#8243; prev_background_color=&#8221;#000000&#8243; custom_padding_tablet=&#8221;50px|||&#8221;][et_pb_row admin_label=&#8221;row&#8221; background_position=&#8221;top_left&#8221; background_repeat=&#8221;repeat&#8221; background_size=&#8221;initial&#8221; _builder_version=&#8221;3.4.1&#8243; custom_padding_tablet=&#8221;20px||0px|&#8221; custom_padding_last_edited=&#8221;on|tablet&#8221;][et_pb_column type=&#8221;4_4&#8243;][et_pb_text admin_label=&#8221;Empresas&#8221; text_orientation=&#8221;center&#8221; use_border_color=&#8221;off&#8221; border_color=&#8221;#ffffff&#8221; border_style=&#8221;solid&#8221; background_position=&#8221;top_left&#8221; background_repeat=&#8221;repeat&#8221; background_size=&#8221;initial&#8221; module_alignment=&#8221;center&#8221; _builder_version=&#8221;3.4.1&#8243;]<\/p>\n<h1>Empresas<\/h1>\n<p>[\/et_pb_text][\/et_pb_column][\/et_pb_row][et_pb_row admin_label=&#8221;Row&#8221; width_unit=&#8221;off&#8221; parallax_method=&#8221;off&#8221; parallax_method_1=&#8221;off&#8221; parallax_method_2=&#8221;off&#8221; column_padding_mobile=&#8221;on&#8221; custom_width_px=&#8221;700px&#8221; parallax_method_3=&#8221;off&#8221; background_position=&#8221;top_left&#8221; background_repeat=&#8221;repeat&#8221; background_size=&#8221;initial&#8221; _builder_version=&#8221;3.4.1&#8243; custom_padding_tablet=&#8221;10px||0px|&#8221; custom_padding_last_edited=&#8221;on|tablet&#8221;][et_pb_column type=&#8221;1_3&#8243;][et_pb_text admin_label=&#8221;Gest\u00e3o simplificadat&#8221; background_layout=&#8221;light&#8221; text_orientation=&#8221;left&#8221; use_border_color=&#8221;off&#8221; border_color=&#8221;#ffffff&#8221; border_style=&#8221;solid&#8221; module_class=&#8221;solutions&#8221; background_position=&#8221;top_left&#8221; background_repeat=&#8221;repeat&#8221; background_size=&#8221;initial&#8221;]<\/p>\n<h5>Gest\u00e3o simplificada<\/h5>\n<p>A nossa equipa altamente qualificada pode gerir as suas c\u00f3pias de seguran\u00e7a, manuten\u00e7\u00e3o, seguran\u00e7a e atualiza\u00e7\u00f5es de software.<\/p>\n<p>[\/et_pb_text][\/et_pb_column][et_pb_column type=&#8221;1_3&#8243;][et_pb_text admin_label=&#8221;Customiz\u00e1vel&#8221; background_layout=&#8221;light&#8221; text_orientation=&#8221;left&#8221; use_border_color=&#8221;off&#8221; border_color=&#8221;#ffffff&#8221; border_style=&#8221;solid&#8221; module_class=&#8221;solutions&#8221; background_position=&#8221;top_left&#8221; background_repeat=&#8221;repeat&#8221; background_size=&#8221;initial&#8221;]<\/p>\n<h5>Customiz\u00e1vel<\/h5>\n<p>Personalize a apar\u00eancia do(s) seu(s) dom\u00ednio(s) com o nosso branding, logotipos e temas personalizados do mais alto n\u00edvel.<\/p>\n<p>[\/et_pb_text][\/et_pb_column][et_pb_column type=&#8221;1_3&#8243;][et_pb_text admin_label=&#8221;Ambiente de dom\u00ednios ilimitado&#8221; background_layout=&#8221;light&#8221; text_orientation=&#8221;left&#8221; use_border_color=&#8221;off&#8221; border_color=&#8221;#ffffff&#8221; border_style=&#8221;solid&#8221; module_class=&#8221;solutions&#8221; background_position=&#8221;top_left&#8221; background_repeat=&#8221;repeat&#8221; background_size=&#8221;initial&#8221;]<\/p>\n<h5>Ambiente de dom\u00ednios ilimitado<\/h5>\n<p>Poder\u00e1 adicionar o n\u00famero de dom\u00ednios que desejar. Apenas cobramos com base no n\u00famero de contas de email criadas.<\/p>\n<p>[\/et_pb_text][\/et_pb_column][\/et_pb_row][et_pb_row admin_label=&#8221;Row&#8221; background_position=&#8221;top_left&#8221; background_repeat=&#8221;repeat&#8221; background_size=&#8221;initial&#8221; _builder_version=&#8221;3.4.1&#8243; custom_padding_tablet=&#8221;0px||0px|&#8221; custom_padding_last_edited=&#8221;on|tablet&#8221;][et_pb_column type=&#8221;1_3&#8243;][et_pb_text admin_label=&#8221;Funcionalidade comprovada&#8221; background_layout=&#8221;light&#8221; text_orientation=&#8221;left&#8221; use_border_color=&#8221;off&#8221; border_color=&#8221;#ffffff&#8221; border_style=&#8221;solid&#8221; module_class=&#8221;solutions&#8221; background_position=&#8221;top_left&#8221; background_repeat=&#8221;repeat&#8221; background_size=&#8221;initial&#8221;]<\/p>\n<h5>Funcionalidade comprovada<\/h5>\n<p>A nossa solu\u00e7\u00e3o de email permitir\u00e1 que os seus colaboradores acedam a emails, agendas e contactos em qualquer lugar.<br \/>\nTamb\u00e9m funciona com clientes desktop, tais como o Outlook e o Apple Mail.<\/p>\n<p>[\/et_pb_text][\/et_pb_column][et_pb_column type=&#8221;1_3&#8243;][et_pb_text admin_label=&#8221;Gest\u00e3o de Spam&#8221; background_layout=&#8221;light&#8221; text_orientation=&#8221;left&#8221; use_border_color=&#8221;off&#8221; border_color=&#8221;#ffffff&#8221; border_style=&#8221;solid&#8221; module_class=&#8221;solutions&#8221; background_position=&#8221;top_left&#8221; background_repeat=&#8221;repeat&#8221; background_size=&#8221;initial&#8221;]<\/p>\n<h5>Gest\u00e3o de Spam<\/h5>\n<p>A aprendizagem Bayesiana que est\u00e1 a ser executada pela nossa nuvem em toda a base de utilizadores oferece um servi\u00e7o anti-spam altamente sofisticado que real\u00e7a a reputa\u00e7\u00e3o dos nossos servidores e melhora o desempenho do seu email.<\/p>\n<p>[\/et_pb_text][\/et_pb_column][et_pb_column type=&#8221;1_3&#8243;][et_pb_text admin_label=&#8221;Servi\u00e7o escal\u00e1vel&#8221; background_layout=&#8221;light&#8221; text_orientation=&#8221;left&#8221; use_border_color=&#8221;off&#8221; border_color=&#8221;#ffffff&#8221; border_style=&#8221;solid&#8221; module_class=&#8221;solutions&#8221; background_position=&#8221;top_left&#8221; background_repeat=&#8221;repeat&#8221; background_size=&#8221;initial&#8221;]<\/p>\n<h5>Servi\u00e7o escal\u00e1vel<\/h5>\n<p>Servi\u00e7o escal\u00e1vel \u00e0s necessidades espec\u00edficas do cliente. A solu\u00e7\u00e3o Sooma serve uma conta como milhares com o mesmo n\u00edvel de servi\u00e7o.<\/p>\n<p>[\/et_pb_text][\/et_pb_column][\/et_pb_row][et_pb_row admin_label=&#8221;Row&#8221; custom_padding=&#8221;||80px|&#8221; parallax_method=&#8221;off&#8221; parallax_method_1=&#8221;off&#8221; parallax_method_2=&#8221;off&#8221; parallax_method_3=&#8221;off&#8221; column_padding_mobile=&#8221;on&#8221; background_position=&#8221;top_left&#8221; background_repeat=&#8221;repeat&#8221; background_size=&#8221;initial&#8221; _builder_version=&#8221;3.4.1&#8243; custom_padding_tablet=&#8221;0px||60px|&#8221; custom_padding_last_edited=&#8221;on|tablet&#8221;][et_pb_column type=&#8221;1_3&#8243;][et_pb_text admin_label=&#8221;Grandes limites de armazenamento&#8221; background_layout=&#8221;light&#8221; text_orientation=&#8221;left&#8221; use_border_color=&#8221;off&#8221; border_color=&#8221;#ffffff&#8221; border_style=&#8221;solid&#8221; module_class=&#8221;solutions&#8221; background_position=&#8221;top_left&#8221; background_repeat=&#8221;repeat&#8221; background_size=&#8221;initial&#8221;]<\/p>\n<h5>Grandes limites de armazenamento<\/h5>\n<p>Oferecemos um vasto espa\u00e7o de armazenamento para a gest\u00e3o eficaz dos seus emails e dados.<\/p>\n<p>[\/et_pb_text][\/et_pb_column][et_pb_column type=&#8221;1_3&#8243;][et_pb_text admin_label=&#8221;Seguran\u00e7a de excel\u00eancia&#8221; background_layout=&#8221;light&#8221; text_orientation=&#8221;left&#8221; use_border_color=&#8221;off&#8221; border_color=&#8221;#ffffff&#8221; border_style=&#8221;solid&#8221; module_class=&#8221;solutions&#8221; background_position=&#8221;top_left&#8221; background_repeat=&#8221;repeat&#8221; background_size=&#8221;initial&#8221;]<\/p>\n<h5>Seguran\u00e7a de excel\u00eancia<\/h5>\n<p>A nossa plataforma segura oferece-lhe a tranquilidade que merece. Armazenamos e replicamos os seus dados com toda a seguran\u00e7a atrav\u00e9s de um banco de servidores.<\/p>\n<p>[\/et_pb_text][\/et_pb_column][et_pb_column type=&#8221;1_3&#8243;][et_pb_text admin_label=&#8221;Customer-Oriented Support&#8221; background_layout=&#8221;light&#8221; text_orientation=&#8221;left&#8221; use_border_color=&#8221;off&#8221; border_color=&#8221;#ffffff&#8221; border_style=&#8221;solid&#8221; module_class=&#8221;solutions&#8221; background_position=&#8221;top_left&#8221; background_repeat=&#8221;repeat&#8221; background_size=&#8221;initial&#8221;]<\/p>\n<h5>Apoio orientado para o cliente<\/h5>\n<p>A nossa excecional equipa de atendimento ao cliente est\u00e1 sempre pronta para atender \u00e0s suas necessidades. Contacte-nos atrav\u00e9s de telefone, do nosso portal online ou da auto-ajuda para criar um pacote de apoio adaptado \u00e0s suas necessidades espec\u00edficas.<\/p>\n<p>[\/et_pb_text][\/et_pb_column][\/et_pb_row][\/et_pb_section]<\/p>\n","protected":false},"excerpt":{"rendered":"<p>Solu\u00e7\u00e3o de email de n\u00edvel empresarial com v\u00e1rias op\u00e7\u00f5es de instala\u00e7\u00e3o para prestadores de servi\u00e7os. Empresas Gest\u00e3o simplificada A nossa equipa altamente qualificada pode gerir as suas c\u00f3pias de seguran\u00e7a, manuten\u00e7\u00e3o, seguran\u00e7a e atualiza\u00e7\u00f5es de software. Customiz\u00e1vel Personalize a apar\u00eancia do(s) seu(s) dom\u00ednio(s) com o nosso branding, logotipos e temas personalizados do mais alto n\u00edvel. [&hellip;]<\/p>\n","protected":false},"author":1456,"featured_media":0,"parent":0,"menu_order":0,"comment_status":"closed","ping_status":"closed","template":"","meta":{"_seopress_robots_primary_cat":"","_seopress_titles_title":"","_seopress_titles_desc":"","_seopress_robots_index":"","_et_pb_use_builder":"on","_et_pb_old_content":"","_et_gb_content_width":"","footnotes":""},"class_list":["post-1375","page","type-page","status-publish","hentry"],"_links":{"self":[{"href":"https:\/\/sooma.com\/pt-pt\/wp-json\/wp\/v2\/pages\/1375","targetHints":{"allow":["GET"]}}],"collection":[{"href":"https:\/\/sooma.com\/pt-pt\/wp-json\/wp\/v2\/pages"}],"about":[{"href":"https:\/\/sooma.com\/pt-pt\/wp-json\/wp\/v2\/types\/page"}],"author":[{"embeddable":true,"href":"https:\/\/sooma.com\/pt-pt\/wp-json\/wp\/v2\/users\/1456"}],"replies":[{"embeddable":true,"href":"https:\/\/sooma.com\/pt-pt\/wp-json\/wp\/v2\/comments?post=1375"}],"version-history":[{"count":0,"href":"https:\/\/sooma.com\/pt-pt\/wp-json\/wp\/v2\/pages\/1375\/revisions"}],"wp:attachment":[{"href":"https:\/\/sooma.com\/pt-pt\/wp-json\/wp\/v2\/media?parent=1375"}],"curies":[{"name":"wp","href":"https:\/\/api.w.org\/{rel}","templated":true}]}}