{"id":1380,"date":"2019-06-05T11:17:17","date_gmt":"2019-06-05T11:17:17","guid":{"rendered":"https:\/\/staging.sooma.com\/?page_id=1380"},"modified":"2019-08-07T15:55:25","modified_gmt":"2019-08-07T15:55:25","slug":"solucoes-prestadores-servicos","status":"publish","type":"page","link":"https:\/\/sooma.com\/pt-pt\/solucoes-prestadores-servicos\/","title":{"rendered":"Prestadores de Servi\u00e7os"},"content":{"rendered":"<p>[et_pb_section bb_built=&#8221;1&#8243; admin_label=&#8221;Section&#8221; fullwidth=&#8221;on&#8221; specialty=&#8221;off&#8221; transparent_background=&#8221;off&#8221; allow_player_pause=&#8221;off&#8221; inner_shadow=&#8221;off&#8221; parallax=&#8221;off&#8221; parallax_method=&#8221;off&#8221; padding_mobile=&#8221;off&#8221; make_fullwidth=&#8221;off&#8221; use_custom_width=&#8221;off&#8221; width_unit=&#8221;on&#8221; make_equal=&#8221;off&#8221; use_custom_gutter=&#8221;off&#8221; module_id=&#8221;service-providers&#8221; custom_padding_tablet=&#8221;50px|0|50px|0&#8243; custom_padding_last_edited=&#8221;on|desktop&#8221; prev_background_color=&#8221;#000000&#8243; next_background_color=&#8221;#ffffff&#8221;][et_pb_fullwidth_header admin_label=&#8221;Solu\u00e7\u00f5es &#8221; text_orientation=&#8221;center&#8221; background_color=&#8221;#121b26&#8243; content_font_size=&#8221;24px&#8221; module_class=&#8221;intro-topo&#8221; _builder_version=&#8221;3.4.1&#8243; max_width_tablet=&#8221;50px&#8221;]<\/p>\n<p>Solu\u00e7\u00e3o de email dirigidas a grandes contas com elevado desempenho e suporte privilegiado.<\/p>\n<p>[\/et_pb_fullwidth_header][\/et_pb_section][et_pb_section bb_built=&#8221;1&#8243; admin_label=&#8221;section&#8221; transparent_background=&#8221;off&#8221; parallax_method=&#8221;off&#8221; module_id=&#8221;service-providers&#8221; custom_padding_tablet=&#8221;50px|||&#8221; custom_padding_last_edited=&#8221;on|tablet&#8221; _builder_version=&#8221;3.4.1&#8243; prev_background_color=&#8221;#000000&#8243;][et_pb_row admin_label=&#8221;row&#8221; background_position=&#8221;top_left&#8221; background_repeat=&#8221;repeat&#8221; background_size=&#8221;initial&#8221; _builder_version=&#8221;3.4.1&#8243; custom_padding_tablet=&#8221;20px||0px|&#8221; custom_padding_last_edited=&#8221;on|tablet&#8221;][et_pb_column type=&#8221;4_4&#8243;][et_pb_text admin_label=&#8221;Prestadores de Servi\u00e7os&#8221; text_orientation=&#8221;center&#8221; use_border_color=&#8221;off&#8221; border_color=&#8221;#ffffff&#8221; border_style=&#8221;solid&#8221; background_position=&#8221;top_left&#8221; background_repeat=&#8221;repeat&#8221; background_size=&#8221;initial&#8221; module_alignment=&#8221;center&#8221; _builder_version=&#8221;3.4.1&#8243;]<\/p>\n<h1>Prestadores de Servi\u00e7os<\/h1>\n<p>[\/et_pb_text][\/et_pb_column][\/et_pb_row][et_pb_row admin_label=&#8221;Row&#8221; custom_padding=&#8221;50px||80px|&#8221; parallax_method=&#8221;off&#8221; parallax_method_1=&#8221;off&#8221; parallax_method_2=&#8221;off&#8221; column_padding_mobile=&#8221;on&#8221; background_position=&#8221;top_left&#8221; background_repeat=&#8221;repeat&#8221; background_size=&#8221;initial&#8221; _builder_version=&#8221;3.4.1&#8243; custom_padding_tablet=&#8221;0px||70px|&#8221; custom_padding_last_edited=&#8221;on|tablet&#8221;][et_pb_column type=&#8221;1_2&#8243;][et_pb_text admin_label=&#8221;Destaque&#8221; background_layout=&#8221;light&#8221; text_orientation=&#8221;left&#8221; use_border_color=&#8221;off&#8221; border_color=&#8221;#ffffff&#8221; border_style=&#8221;solid&#8221; module_class=&#8221;destaque&#8221; background_position=&#8221;top_left&#8221; background_repeat=&#8221;repeat&#8221; background_size=&#8221;initial&#8221;]<\/p>\n<p>Solu\u00e7\u00e3o para grandes prestadores de servi\u00e7os que desejam prestar aos seus clientes servi\u00e7os de email seguro e de elevado desempenho.<\/p>\n<p>[\/et_pb_text][\/et_pb_column][et_pb_column type=&#8221;1_2&#8243;][et_pb_text admin_label=&#8221;Text&#8221; background_layout=&#8221;light&#8221; text_orientation=&#8221;left&#8221; use_border_color=&#8221;off&#8221; border_color=&#8221;#ffffff&#8221; border_style=&#8221;solid&#8221; background_position=&#8221;top_left&#8221; background_repeat=&#8221;repeat&#8221; background_size=&#8221;initial&#8221;]<\/p>\n<p>A Sooma proporciona aos prestadores de servi\u00e7os uma solu\u00e7\u00e3o de email segura, escal\u00e1vel, de alto desempenho e tolerante a falhas. O nosso servi\u00e7o \u00e9 ideal para si se:<\/p>\n<p>[\/et_pb_text][et_pb_text admin_label=&#8221;Text&#8221; background_layout=&#8221;light&#8221; text_orientation=&#8221;left&#8221; use_border_color=&#8221;off&#8221; border_color=&#8221;#ffffff&#8221; border_style=&#8221;solid&#8221; custom_padding=&#8221;20px|20px|20px|20px&#8221; custom_css_main_element=&#8221;box-shadow: -10px 10px 35px RGBA(20,114,226,.1);&#8221; background_position=&#8221;top_left&#8221; background_repeat=&#8221;repeat&#8221; background_size=&#8221;initial&#8221;]<\/p>\n<p><span class=\"more\">N<\/span>N\u00e3o tem nenhuma infraestrutura existente.<\/p>\n<p><span class=\"more\">N<\/span>Quer tirar partido dos conhecimentos especializados da Sooma para atender \u00e0s suas necessidades de email.<\/p>\n<p><span class=\"more\">N<\/span>Precisa de um ambiente multi-dom\u00ednio escal\u00e1vel e em que seja poss\u00edvel fazer rebranding.<\/p>\n<p>[\/et_pb_text][\/et_pb_column][\/et_pb_row][et_pb_row admin_label=&#8221;Row&#8221; parallax_method=&#8221;off&#8221; parallax_method_1=&#8221;off&#8221; parallax_method_2=&#8221;off&#8221; column_padding_mobile=&#8221;on&#8221; custom_width_px=&#8221;700px&#8221; parallax_method_3=&#8221;off&#8221; background_position=&#8221;top_left&#8221; background_repeat=&#8221;repeat&#8221; background_size=&#8221;initial&#8221; _builder_version=&#8221;3.4.1&#8243; custom_padding_tablet=&#8221;10px||0px|&#8221; custom_padding_last_edited=&#8221;on|tablet&#8221;][et_pb_column type=&#8221;1_3&#8243;][et_pb_text admin_label=&#8221;Pre\u00e7os para parceiros, margens m\u00e1ximas&#8221; background_layout=&#8221;light&#8221; text_orientation=&#8221;left&#8221; use_border_color=&#8221;off&#8221; border_color=&#8221;#ffffff&#8221; border_style=&#8221;solid&#8221; module_class=&#8221;solutions&#8221; background_position=&#8221;top_left&#8221; background_repeat=&#8221;repeat&#8221; background_size=&#8221;initial&#8221;]<\/p>\n<h5>Pre\u00e7os para parceiros, margens m\u00e1ximas<\/h5>\n<p>Oferecemos um modelo de pre\u00e7os orientado para o lucro, que permite aos parceiros obter excelentes margens e tamb\u00e9m auferir receitas mensais cont\u00ednuas.<\/p>\n<p>[\/et_pb_text][\/et_pb_column][et_pb_column type=&#8221;1_3&#8243;][et_pb_text admin_label=&#8221;Simplicidade baseada em nuvem&#8221; background_layout=&#8221;light&#8221; text_orientation=&#8221;left&#8221; use_border_color=&#8221;off&#8221; border_color=&#8221;#ffffff&#8221; border_style=&#8221;solid&#8221; module_class=&#8221;solutions&#8221; background_position=&#8221;top_left&#8221; background_repeat=&#8221;repeat&#8221; background_size=&#8221;initial&#8221;]<\/p>\n<h5>Simplicidade baseada em nuvem<\/h5>\n<p>Como um servi\u00e7o baseado em SAAS, dispomos dos recursos necess\u00e1rios para gerir as suas necessidades de email com uma simples assinatura mensal.<\/p>\n<p>[\/et_pb_text][\/et_pb_column][et_pb_column type=&#8221;1_3&#8243;][et_pb_text admin_label=&#8221;Ambiente de dom\u00ednios ilimitado&#8221; background_layout=&#8221;light&#8221; text_orientation=&#8221;left&#8221; use_border_color=&#8221;off&#8221; border_color=&#8221;#ffffff&#8221; border_style=&#8221;solid&#8221; module_class=&#8221;solutions&#8221; background_position=&#8221;top_left&#8221; background_repeat=&#8221;repeat&#8221; background_size=&#8221;initial&#8221;]<\/p>\n<h5>Ambiente de dom\u00ednios ilimitado<\/h5>\n<p>Poder\u00e1 adicionar o n\u00famero de dom\u00ednios que desejar. Apenas cobramos com base no n\u00famero de contas de email criadas.<\/p>\n<p>[\/et_pb_text][\/et_pb_column][\/et_pb_row][et_pb_row admin_label=&#8221;Row&#8221; background_position=&#8221;top_left&#8221; background_repeat=&#8221;repeat&#8221; background_size=&#8221;initial&#8221; _builder_version=&#8221;3.4.1&#8243; custom_padding_tablet=&#8221;0px||0px|&#8221; custom_padding_last_edited=&#8221;on|tablet&#8221;][et_pb_column type=&#8221;1_3&#8243;][et_pb_text admin_label=&#8221;Gest\u00e3o centralizada&#8221; background_layout=&#8221;light&#8221; text_orientation=&#8221;left&#8221; use_border_color=&#8221;off&#8221; border_color=&#8221;#ffffff&#8221; border_style=&#8221;solid&#8221; module_class=&#8221;solutions&#8221; background_position=&#8221;top_left&#8221; background_repeat=&#8221;repeat&#8221; background_size=&#8221;initial&#8221;]<\/p>\n<h5>Gest\u00e3o centralizada<\/h5>\n<p>Com a Sooma, poder\u00e1 gerir eficazmente todos os seus clientes e prestar-lhes o apoio essencial com toda a confian\u00e7a, atrav\u00e9s de um \u00fanico painel de controlo.<\/p>\n<p>[\/et_pb_text][\/et_pb_column][et_pb_column type=&#8221;1_3&#8243;][et_pb_text admin_label=&#8221;M\u00faltiplas op\u00e7\u00f5es de implanta\u00e7\u00e3o&#8221; background_layout=&#8221;light&#8221; text_orientation=&#8221;left&#8221; use_border_color=&#8221;off&#8221; border_color=&#8221;#ffffff&#8221; border_style=&#8221;solid&#8221; module_class=&#8221;solutions&#8221; background_position=&#8221;top_left&#8221; background_repeat=&#8221;repeat&#8221; background_size=&#8221;initial&#8221;]<\/p>\n<h5>M\u00faltiplas op\u00e7\u00f5es de implanta\u00e7\u00e3o<\/h5>\n<p>Poder\u00e1 personalizar cada implanta\u00e7\u00e3o conforme as necessidades dos seus clientes, seja diretamente ou atrav\u00e9s do nosso ambiente parceiro em cloud.<\/p>\n<p>[\/et_pb_text][\/et_pb_column][et_pb_column type=&#8221;1_3&#8243;][et_pb_text admin_label=&#8221;Visibilidade incompar\u00e1vel&#8221; background_layout=&#8221;light&#8221; text_orientation=&#8221;left&#8221; use_border_color=&#8221;off&#8221; border_color=&#8221;#ffffff&#8221; border_style=&#8221;solid&#8221; module_class=&#8221;solutions&#8221; background_position=&#8221;top_left&#8221; background_repeat=&#8221;repeat&#8221; background_size=&#8221;initial&#8221;]<\/p>\n<h5>Visibilidade incompar\u00e1vel<\/h5>\n<p>Consulte a atividade dos seus clientes e utilizadores, visualize estat\u00edsticas, execute relat\u00f3rios e maximize o desempenho atrav\u00e9s da nossa interface de administra\u00e7\u00e3o na web, muito f\u00e1cil de usar.<\/p>\n<p>[\/et_pb_text][\/et_pb_column][\/et_pb_row][et_pb_row admin_label=&#8221;Row&#8221; background_position=&#8221;top_left&#8221; background_repeat=&#8221;repeat&#8221; background_size=&#8221;initial&#8221; _builder_version=&#8221;3.4.1&#8243; custom_padding_tablet=&#8221;0px||0px|&#8221; custom_padding_last_edited=&#8221;on|tablet&#8221;][et_pb_column type=&#8221;1_3&#8243;][et_pb_text admin_label=&#8221;Gest\u00e3o completa de utilizadores e sub-utilizadores&#8221; background_layout=&#8221;light&#8221; text_orientation=&#8221;left&#8221; use_border_color=&#8221;off&#8221; border_color=&#8221;#ffffff&#8221; border_style=&#8221;solid&#8221; module_class=&#8221;solutions&#8221; background_position=&#8221;top_left&#8221; background_repeat=&#8221;repeat&#8221; background_size=&#8221;initial&#8221;]<\/p>\n<h5>Gest\u00e3o completa de utilizadores e sub-utilizadores<\/h5>\n<p>A Sooma permite-lhe atribuir privil\u00e9gios de administrador, gerir os n\u00edveis de acesso dos seus clientes e tamb\u00e9m facultar-lhes acesso ao seu dom\u00ednio e \u00e0 sua gest\u00e3o de utilizadores.<\/p>\n<p>[\/et_pb_text][\/et_pb_column][et_pb_column type=&#8221;1_3&#8243;][et_pb_text admin_label=&#8221;Flexibilidade de branding&#8221; background_layout=&#8221;light&#8221; text_orientation=&#8221;left&#8221; use_border_color=&#8221;off&#8221; border_color=&#8221;#ffffff&#8221; border_style=&#8221;solid&#8221; module_class=&#8221;solutions&#8221; background_position=&#8221;top_left&#8221; background_repeat=&#8221;repeat&#8221; background_size=&#8221;initial&#8221;]<\/p>\n<h5>Flexibilidade de branding<\/h5>\n<p>Conceba a sua imagem de marca utilizando os recursos &#8220;chave na m\u00e3o&#8221; fornecidos pela Sooma.<\/p>\n<p>[\/et_pb_text][\/et_pb_column][et_pb_column type=&#8221;1_3&#8243;][et_pb_text admin_label=&#8221;Atualiza\u00e7\u00f5es autom\u00e1ticas&#8221; background_layout=&#8221;light&#8221; text_orientation=&#8221;left&#8221; use_border_color=&#8221;off&#8221; border_color=&#8221;#ffffff&#8221; border_style=&#8221;solid&#8221; module_class=&#8221;solutions&#8221; background_position=&#8221;top_left&#8221; background_repeat=&#8221;repeat&#8221; background_size=&#8221;initial&#8221;]<\/p>\n<h5>Atualiza\u00e7\u00f5es autom\u00e1ticas<\/h5>\n<p>N\u00e3o precisa de se preocupar com atualiza\u00e7\u00f5es de vers\u00f5es, lan\u00e7amentos de seguran\u00e7a ou patches, porque tudo isso ser\u00e1 gerido para si.<\/p>\n<p>[\/et_pb_text][\/et_pb_column][\/et_pb_row][et_pb_row admin_label=&#8221;Row&#8221; background_position=&#8221;top_left&#8221; background_repeat=&#8221;repeat&#8221; background_size=&#8221;initial&#8221; _builder_version=&#8221;3.4.1&#8243; custom_padding_tablet=&#8221;0px|||&#8221; custom_padding_last_edited=&#8221;on|tablet&#8221;][et_pb_column type=&#8221;1_3&#8243;][et_pb_text admin_label=&#8221;Seguran\u00e7a de excel\u00eancia&#8221; background_layout=&#8221;light&#8221; text_orientation=&#8221;left&#8221; use_border_color=&#8221;off&#8221; border_color=&#8221;#ffffff&#8221; border_style=&#8221;solid&#8221; module_class=&#8221;solutions&#8221; background_position=&#8221;top_left&#8221; background_repeat=&#8221;repeat&#8221; background_size=&#8221;initial&#8221;]<\/p>\n<h5>Seguran\u00e7a de excel\u00eancia<\/h5>\n<p>Os produtos da Sooma s\u00e3o elaborados de acordo com as normas de mercado, atrav\u00e9s de testes rigorosos para melhorar o seu desempenho.<\/p>\n<p>[\/et_pb_text][\/et_pb_column][et_pb_column type=&#8221;1_3&#8243;][et_pb_text admin_label=&#8221;Recursos exclusivos&#8221; background_layout=&#8221;light&#8221; text_orientation=&#8221;left&#8221; use_border_color=&#8221;off&#8221; border_color=&#8221;#ffffff&#8221; border_style=&#8221;solid&#8221; module_class=&#8221;solutions&#8221; background_position=&#8221;top_left&#8221; background_repeat=&#8221;repeat&#8221; background_size=&#8221;initial&#8221;]<\/p>\n<h5>Recursos exclusivos<\/h5>\n<p>Melhore a sua oferta de email e angarie mais clientes com os nossos documentos e recursos customiz\u00e1veis.<\/p>\n<p>[\/et_pb_text][\/et_pb_column][et_pb_column type=&#8221;1_3&#8243;][\/et_pb_column][\/et_pb_row][\/et_pb_section]<\/p>\n","protected":false},"excerpt":{"rendered":"<p>Solu\u00e7\u00e3o de email dirigidas a grandes contas com elevado desempenho e suporte privilegiado. Prestadores de Servi\u00e7os Solu\u00e7\u00e3o para grandes prestadores de servi\u00e7os que desejam prestar aos seus clientes servi\u00e7os de email seguro e de elevado desempenho. A Sooma proporciona aos prestadores de servi\u00e7os uma solu\u00e7\u00e3o de email segura, escal\u00e1vel, de alto desempenho e tolerante a [&hellip;]<\/p>\n","protected":false},"author":1456,"featured_media":0,"parent":0,"menu_order":0,"comment_status":"closed","ping_status":"closed","template":"","meta":{"_seopress_robots_primary_cat":"","_seopress_titles_title":"","_seopress_titles_desc":"","_seopress_robots_index":"","_et_pb_use_builder":"on","_et_pb_old_content":"","_et_gb_content_width":"","footnotes":""},"class_list":["post-1380","page","type-page","status-publish","hentry"],"_links":{"self":[{"href":"https:\/\/sooma.com\/pt-pt\/wp-json\/wp\/v2\/pages\/1380","targetHints":{"allow":["GET"]}}],"collection":[{"href":"https:\/\/sooma.com\/pt-pt\/wp-json\/wp\/v2\/pages"}],"about":[{"href":"https:\/\/sooma.com\/pt-pt\/wp-json\/wp\/v2\/types\/page"}],"author":[{"embeddable":true,"href":"https:\/\/sooma.com\/pt-pt\/wp-json\/wp\/v2\/users\/1456"}],"replies":[{"embeddable":true,"href":"https:\/\/sooma.com\/pt-pt\/wp-json\/wp\/v2\/comments?post=1380"}],"version-history":[{"count":0,"href":"https:\/\/sooma.com\/pt-pt\/wp-json\/wp\/v2\/pages\/1380\/revisions"}],"wp:attachment":[{"href":"https:\/\/sooma.com\/pt-pt\/wp-json\/wp\/v2\/media?parent=1380"}],"curies":[{"name":"wp","href":"https:\/\/api.w.org\/{rel}","templated":true}]}}