{"id":1446,"date":"2019-10-29T09:41:30","date_gmt":"2019-10-29T09:41:30","guid":{"rendered":"http:\/\/sooma.pt\/?page_id=1446"},"modified":"2019-10-30T16:34:25","modified_gmt":"2019-10-30T16:34:25","slug":"iniciativa-3em1","status":"publish","type":"page","link":"https:\/\/sooma.com\/pt-pt\/iniciativa-3em1\/","title":{"rendered":"Iniciativa 3em1"},"content":{"rendered":"<p>[et_pb_section bb_built=&#8221;1&#8243;][et_pb_row][et_pb_column type=&#8221;4_4&#8243;][et_pb_text admin_label=&#8221;Iniciativa 3em1&#8243; _builder_version=&#8221;3.4.1&#8243; text_orientation=&#8221;center&#8221;]<\/p>\n<h1>Iniciativa 3em1<\/h1>\n<p>[\/et_pb_text][\/et_pb_column][\/et_pb_row][et_pb_row][et_pb_column type=&#8221;4_4&#8243;][et_pb_text _builder_version=&#8221;3.4.1&#8243; text_orientation=&#8221;center&#8221; max_width=&#8221;70%&#8221; module_alignment=&#8221;center&#8221; custom_padding=&#8221;||10px|&#8221;]<\/p>\n<p>A Sooma associou-se \u00e0 Iniciativa 3em1 da DNS.PT garantindo a todas as empresas portuguesas criadas ao abrigo da iniciativa \u201cEmpresa na Hora\u201d (ENH) um conjunto de servi\u00e7os sem qualquer custo nos primeiros 12 meses de vida da empresa.<\/p>\n<p>[\/et_pb_text][et_pb_button _builder_version=&#8221;3.4.1&#8243; button_text=&#8221;Contacte-nos&#8221; button_url=&#8221;\/pt-pt\/contactos\/&#8221; button_alignment=&#8221;center&#8221; background_layout=&#8221;dark&#8221; custom_padding=&#8221;||30px|&#8221; \/][et_pb_text _builder_version=&#8221;3.4.1&#8243; text_orientation=&#8221;center&#8221; max_width=&#8221;70%&#8221; module_alignment=&#8221;center&#8221; custom_padding=&#8221;||10px|&#8221;]<\/p>\n<p><a href=\"https:\/\/www.dns.pt\"><svg version=\"1.1\" xmlns=\"http:\/\/www.w3.org\/2000\/svg\" xmlns:xlink=\"http:\/\/www.w3.org\/1999\/xlink\" x=\"0px\" y=\"0px\" viewBox=\"0 0 71 46\" style=\"enable-background:new 0 0 71 46; height:50px\" xml:space=\"preserve\"><g><g><rect x=\"53\" y=\"29\" fill=\"#151F24\" style=\"opacity:0.75\" width=\"18\" height=\"7\"><\/rect><path fill=\"#151F24\" style=\"opacity:0.75\" d=\"M29.8,10H26v7h4c4,0,6,3,6,6s-2,6-6,6h-4v7h4c7.2,0,13-5.9,13-13C43,15.9,37,10,29.8,10z\"><\/path><polygon fill=\"#151F24\" points=\"71,10 61,10 61,0 53,0 53,10 43,10 43,17 53,17 53,29 61,29 61,17 71,17 \"><\/polygon><\/g><rect x=\"18\" y=\"10\" fill=\"#151F24\" width=\"8\" height=\"36\"><\/rect><circle fill=\"#151F24\" cx=\"6.5\" cy=\"30.5\" r=\"6.5\"><\/circle><\/g><\/svg><\/a> <a href=\"https:\/\/www.3em1.pt\"><img loading=\"lazy\" decoding=\"async\" src=\"https:\/\/sooma.pt\/files\/2019\/10\/3em1.png\" alt=\"\" class=\"alignnone size-full wp-image-1497\" width=\"52\" height=\"50\"><\/a> <a href=\"http:\/\/www.empresanahora.justica.gov.pt\/\"><img loading=\"lazy\" decoding=\"async\" src=\"https:\/\/sooma.pt\/files\/2019\/10\/empresanahora.jpg\" alt=\"\" class=\"alignnone size-full wp-image-1508\" width=\"50\" height=\"50\"><\/a> <img loading=\"lazy\" decoding=\"async\" src=\"https:\/\/sooma.pt\/files\/2019\/10\/empresaonline.gif\" alt=\"\" class=\"alignnone size-full wp-image-1505\" width=\"50\" height=\"50\"> <img loading=\"lazy\" decoding=\"async\" src=\"https:\/\/sooma.pt\/files\/2019\/10\/associacaonahora.jpg\" alt=\"\" class=\"alignnone size-full wp-image-1502\" width=\"83\" height=\"50\"><\/p>\n<p>[\/et_pb_text][et_pb_divider _builder_version=&#8221;3.4.1&#8243; color=&#8221;#dddddd&#8221; divider_style=&#8221;dotted&#8221; divider_weight=&#8221;2&#8243; custom_margin=&#8221;60px|||&#8221; \/][\/et_pb_column][\/et_pb_row][et_pb_row][et_pb_column type=&#8221;4_4&#8243;][et_pb_text admin_label=&#8221;O que est\u00e1 inclu\u00eddo?&#8221; _builder_version=&#8221;3.4.1&#8243;]<\/p>\n<h2>O que est\u00e1 inclu\u00eddo?<\/h2>\n<p>[\/et_pb_text][et_pb_text _builder_version=&#8221;3.4.1&#8243; module_class=&#8221;solutions&#8221;]<\/p>\n<p><span class=\"visto\">N<\/span> Dom\u00ednio registado sob .pt<br \/>\n<span class=\"visto\">N<\/span> Servidores DNS redundantes e distribu\u00eddos globalmente (Anycast)<br \/>\n<span class=\"visto\">N<\/span> 100GB de espa\u00e7o de alojamento web em servidores premium localizados em Portugal nos datacenters da NOS (maior operador de telecomunica\u00e7\u00f5es portugu\u00eas)<br \/>\n<span class=\"visto\">N<\/span> Servi\u00e7o pr\u00e9-instalado com a ferramenta de constru\u00e7\u00e3o de sites WordPress (solu\u00e7\u00e3o usada por <a href=\"https:\/\/w3techs.com\/technologies\/overview\/content_management\/all\" rel=\"noopener\" target=\"_blank\">1 em cada 3 dos sites a n\u00edvel mundial<\/a>)<br \/>\n<span class=\"visto\">N<\/span> Servi\u00e7o de email profissional associado ao dom\u00ednio (por exemplo: geral@asuaempresa.pt)<br \/>\n<span class=\"visto\">N<\/span> Prote\u00e7\u00e3o das comunica\u00e7\u00f5es com os sistemas <a href=\"https:\/\/ajuda.sooma.pt\/article\/98-spf-dkim-e-dmarc-sistemas-de-protecao-anti-phishing\" rel=\"noopener\" target=\"_blank\">SPF, DKIM e DMARC<\/a><br \/>\n<span class=\"visto\">N<\/span> Instala\u00e7\u00e3o e gest\u00e3o de um certificado digital para o dom\u00ednio que permite um tratamento privilegiado por parte da Google (certificado <a href=\"https:\/\/letsencrypt.org\/\" rel=\"noopener\" target=\"_blank\">Let\u2019s Encrypt<\/a> continuar\u00e1 gratuito para al\u00e9m da oferta inicial de 12 meses)<br \/>\n<span class=\"visto\">N<\/span> Prote\u00e7\u00e3o antivirus, antispam e antiphishing de qualidade empresarial<br \/>\n<span class=\"visto\">N<\/span> Backups di\u00e1rios dos dados<\/p>\n<p>Para mais informa\u00e7\u00e3o sobre a iniciativa 3em1 consulte<a href=\"https:\/\/www.dns.pt\/pt\/dominio\/3em1\/\" rel=\"noopener\" target=\"_blank\"> aqui<\/a>.<\/p>\n<p>[\/et_pb_text][et_pb_divider _builder_version=&#8221;3.4.1&#8243; color=&#8221;#dddddd&#8221; divider_style=&#8221;dotted&#8221; divider_weight=&#8221;2&#8243; custom_margin=&#8221;60px|||&#8221; \/][\/et_pb_column][\/et_pb_row][et_pb_row][et_pb_column type=&#8221;1_2&#8243;][et_pb_text admin_label=&#8221;Website, Mensagens Comerciais e Newsletters&#8221; _builder_version=&#8221;3.4.1&#8243;]<\/p>\n<h3>Presen\u00e7a web profissional, mensagens comerciais e newsletters<\/h3>\n<p>[\/et_pb_text][et_pb_text _builder_version=&#8221;3.4.1&#8243;]<\/p>\n<p>Conhe\u00e7a tamb\u00e9m o servi\u00e7o de desenvolvimento da presen\u00e7a web profissional para a sua empresa e os planos de gest\u00e3o e envio de mensagens comerciais e newsletters.<\/p>\n<p><a class=\"text-link\" href=\"\/pt-pt\/contactos\/\">Entre em contacto \u2192<\/a><\/p>\n<p>[\/et_pb_text][\/et_pb_column][et_pb_column type=&#8221;1_2&#8243;][et_pb_image _builder_version=&#8221;3.4.1&#8243; src=&#8221;\/files\/2019\/10\/Enhanced-accessibility.svg&#8221; max_width=&#8221;60%&#8221; align=&#8221;center&#8221; \/][\/et_pb_column][\/et_pb_row][\/et_pb_section]<\/p>\n","protected":false},"excerpt":{"rendered":"<p><div class=\"et_pb_row et_pb_row_0 et_pb_row_empty\">\n\t\t\t\t\n\t\t\t\t\n\t\t\t\t\n\t\t\t\t\n\t\t\t\t\n\t\t\t<\/div> Iniciativa 3em1 <div class=\"et_pb_row et_pb_row_1 et_pb_row_empty\">\n\t\t\t\t\n\t\t\t\t\n\t\t\t\t\n\t\t\t\t\n\t\t\t\t\n\t\t\t<\/div> A Sooma associou-se \u00e0 Iniciativa 3em1 da DNS.PT garantindo a todas as empresas portuguesas criadas ao abrigo da iniciativa \u201cEmpresa na Hora\u201d (ENH) um conjunto de servi\u00e7os sem qualquer custo nos primeiros 12 meses de vida da empresa. <div class=\"et_pb_row et_pb_row_2 et_pb_row_empty\">\n\t\t\t\t\n\t\t\t\t\n\t\t\t\t\n\t\t\t\t\n\t\t\t\t\n\t\t\t<\/div> O que est\u00e1 inclu\u00eddo? N Dom\u00ednio registado sob .pt N Servidores DNS [&hellip;]<\/p>\n","protected":false},"author":1456,"featured_media":0,"parent":0,"menu_order":0,"comment_status":"closed","ping_status":"closed","template":"","meta":{"_seopress_robots_primary_cat":"","_seopress_titles_title":"","_seopress_titles_desc":"","_seopress_robots_index":"","_et_pb_use_builder":"on","_et_pb_old_content":"","_et_gb_content_width":"","footnotes":""},"class_list":["post-1446","page","type-page","status-publish","hentry"],"_links":{"self":[{"href":"https:\/\/sooma.com\/pt-pt\/wp-json\/wp\/v2\/pages\/1446","targetHints":{"allow":["GET"]}}],"collection":[{"href":"https:\/\/sooma.com\/pt-pt\/wp-json\/wp\/v2\/pages"}],"about":[{"href":"https:\/\/sooma.com\/pt-pt\/wp-json\/wp\/v2\/types\/page"}],"author":[{"embeddable":true,"href":"https:\/\/sooma.com\/pt-pt\/wp-json\/wp\/v2\/users\/1456"}],"replies":[{"embeddable":true,"href":"https:\/\/sooma.com\/pt-pt\/wp-json\/wp\/v2\/comments?post=1446"}],"version-history":[{"count":0,"href":"https:\/\/sooma.com\/pt-pt\/wp-json\/wp\/v2\/pages\/1446\/revisions"}],"wp:attachment":[{"href":"https:\/\/sooma.com\/pt-pt\/wp-json\/wp\/v2\/media?parent=1446"}],"curies":[{"name":"wp","href":"https:\/\/api.w.org\/{rel}","templated":true}]}}