{"id":1529,"date":"2019-12-17T15:02:26","date_gmt":"2019-12-17T15:02:26","guid":{"rendered":"https:\/\/sooma.com\/?page_id=1529"},"modified":"2019-12-17T15:15:13","modified_gmt":"2019-12-17T15:15:13","slug":"politica-de-privacidade","status":"publish","type":"page","link":"https:\/\/sooma.com\/pt-pt\/politica-de-privacidade\/","title":{"rendered":"Pol\u00edtica de Privacidade"},"content":{"rendered":"<p>[et_pb_section bb_built=&#8221;1&#8243;][et_pb_row][et_pb_column type=&#8221;4_4&#8243;][et_pb_text _builder_version=&#8221;3.4.1&#8243;]<\/p>\n<h4>1. Pol\u00edtica de Privacidade<\/h4>\n<p>A utiliza\u00e7\u00e3o deste website est\u00e1 sujeita \u00e0 presente Pol\u00edtica de Privacidade, devendo o Utilizador reler os respetivos termos em cada nova utiliza\u00e7\u00e3o a fim de verificar se concorda com a mesma.<\/p>\n<h4>2. Dados Pessoais<\/h4>\n<p>A Sooma.com Web Services, Lda garante o respeito pela privacidade dos Utilizadores.<\/p>\n<p>A Sooma.com Web Services, Lda recolhe os seus dados por telefone, por escrito ou atrav\u00e9s do seu website, mediante o seu consentimento expresso. Por regra, os dados pessoais s\u00e3o recolhidos quando o Utilizador subscreve um dos nossos produtos ou servi\u00e7os.<\/p>\n<p>Alguns dados pessoais s\u00e3o de fornecimento obrigat\u00f3rio e, em caso de falta ou insufici\u00eancia desses dados, a Sooma.com Web Services, Lda n\u00e3o poder\u00e1 disponibilizar o produto ou servi\u00e7o em causa pelo que a Sooma.com Web Services, Lda informar\u00e1 os Utilizadores da natureza obrigat\u00f3ria do fornecimento de dados.<\/p>\n<p>A Sooma.com Web Services, Lda procede \u00e0 recolha e ao tratamento dos dados pessoais necess\u00e1rios \u00e0 presta\u00e7\u00e3o de servi\u00e7os e\/ou fornecimento de produtos, tratando nesse \u00e2mbito de dados como o nome, a morada, o n\u00famero de telefone ou telem\u00f3vel e o endere\u00e7o de correio eletr\u00f3nico.<\/p>\n<p>Nos termos da legisla\u00e7\u00e3o em vigor em mat\u00e9ria de prote\u00e7\u00e3o de dados pessoais, os dados recolhidos pela Sooma.com Web Services, Lda ser\u00e3o processados e armazenados informaticamente.<\/p>\n<p>Os dados pessoais que nos proporcionar ser\u00e3o mantidos em ficheiro pela Sooma.com Web Services, Lda, empresa respons\u00e1vel pelo tratamento dos mesmos, tratamento esse que tem em vista as seguintes finalidades:<\/p>\n<p>a. Celebra\u00e7\u00e3o e execu\u00e7\u00e3o do contrato relativo aos produtos selecionados pelo utilizador;<br \/>\nb. Satisfazer pedidos dos utilizadores;<br \/>\nc. Fornecer ao utilizador informa\u00e7\u00e3o sobre os produtos da Sooma.com Web Services, Lda, o envio de mensagens comerciais por correio eletr\u00f3nico ou qualquer outro meio eletr\u00f3nico autom\u00e1tico equivalente (tais como SMS, MMS ou qualquer outro servi\u00e7o de comunica\u00e7\u00f5es eletr\u00f3nicas), assim como atrav\u00e9s de contacto telef\u00f3nico, salvo se o Utilizador se tiver oposto aquando da recolha dos dados;<br \/>\nd. A\u00e7\u00f5es de informa\u00e7\u00e3o e marketing.<\/p>\n<p>O utilizador poder\u00e1 modificar as suas prefer\u00eancias relativamente ao envio de tais comunica\u00e7\u00f5es comerciais enviando um e-mail para <a href=\"mailto:ajuda@sooma.pt\">ajuda@sooma.pt<\/a> assim como indicar a sua oposi\u00e7\u00e3o.<\/p>\n<h4>3. Utilizador<\/h4>\n<p>O Utilizador garante que os dados pessoais fornecidos s\u00e3o verdadeiros e exatos, e compromete-se a notificar qualquer altera\u00e7\u00e3o dos mesmos. Quaisquer perdas ou danos causados a este s\u00edtio web ou \u00e0 pessoa respons\u00e1vel pelo s\u00edtio web ou a terceiros resultantes de informa\u00e7\u00e3o errada, inexata ou incompleta dos formul\u00e1rios de registo ser\u00e1 da exclusiva responsabilidade do Utilizador.<\/p>\n<h4>4. Confidencialidade<\/h4>\n<p>A Sooma.com Web Services, Lda, empresa respons\u00e1vel pelo ficheiro, compromete-se a manter a confidencialidade dos dados pessoais do utilizador e a assegurar o exerc\u00edcio do direito de acesso, retifica\u00e7\u00e3o, cancelamento e oposi\u00e7\u00e3o atrav\u00e9s do envio de carta para a morada acima indicada.<\/p>\n<h4>5. Subcontratados e Transfer\u00eancia de Dados Pessoais<\/h4>\n<p>Os dados pessoais, incluindo os dados de tr\u00e1fego, as bases de dados e outras opera\u00e7\u00f5es, poder\u00e3o ser alojados, partilhados e comunicados a outras empresas do Grupo Sooma.com Web Services, Lda, nos termos e condi\u00e7\u00f5es legalmente definidos.<\/p>\n<p>A Sooma.com Web Services, Lda pode ainda recorrer a entidades subcontratante para a totalidade ou parte das finalidades indicados em cima, bem como para manuten\u00e7\u00e3o, alojamento e gest\u00e3o dos seus sistemas e equipamentos inform\u00e1ticos, nos termos permitidos pela legisla\u00e7\u00e3o que regula o tratamento de dados pessoais, ficando estas entidades obrigadas a guardar sigilo e a garantir a seguran\u00e7a relativamente aos dados dos Clientes da Sooma.com Web Services, Lda a que, para o efeito, tenham acesso, n\u00e3o devendo utilizar esses dados para quaisquer outros fins, ou em benef\u00edcio pr\u00f3prio, nem relacion\u00e1-los com outros dados que possuam.<\/p>\n<p>Nos casos em que os dados dos Utilizadores sejam transferidos ou alojados noutras empresas do Grupo Sooma.com Web Services, Lda, os n\u00edveis de seguran\u00e7a e prote\u00e7\u00e3o n\u00e3o ser\u00e3o inferiores aos prestados pela Sooma.com Web Services, Lda.<\/p>\n<h4>6. Comunica\u00e7\u00f5es de Dados Pessoais<\/h4>\n<p>A Sooma.com Web Services, Lda compromete-se a n\u00e3o ceder a entidades externas a informa\u00e7\u00e3o pessoal dos Utilizadores. A Sooma.com Web Services, Lda apenas partilhar\u00e1 os seus dados pessoais com o consentimento ou se exigido por lei, nos seguintes casos:<\/p>\n<p>\u00b7 Com os parceiros para que possam atribuir as vantagens e benef\u00edcios associados \u00e0s respetivas campanhas e promo\u00e7\u00f5es;<br \/>\n\u00b7 Quando exigido por lei, \u00e0s entidades judici\u00e1rias competentes.<\/p>\n<p>Todo e qualquer tratamento de dados pessoais ser\u00e1 feito em conformidade com a legisla\u00e7\u00e3o aplic\u00e1vel.<\/p>\n<h4>7. Conserva\u00e7\u00e3o dos Dados<\/h4>\n<p>Os seus dados pessoais ser\u00e3o armazenados e conservados apenas pelo per\u00edodo m\u00ednimo necess\u00e1rio para as finalidades que motivaram a sua recolha ou o seu posterior tratamento ou, pelo per\u00edodo de tempo autorizado pela Comiss\u00e3o Nacional de Prote\u00e7\u00e3o de Dados, findo o qual os mesmos ser\u00e3o eliminados.<\/p>\n<h4>8. Direito de Acesso, Corre\u00e7\u00e3o, Oposi\u00e7\u00e3o e Elimina\u00e7\u00e3o<\/h4>\n<p>Nos termos da legisla\u00e7\u00e3o portuguesa aplic\u00e1vel, o Utilizador tem o direito de acesso aos seus dados pessoais, podendo solicitar a sua corre\u00e7\u00e3o ou aditamento atrav\u00e9s do endere\u00e7o de correio eletr\u00f3nico <a href=\"mailto:ajuda@sooma.pt\">ajuda@sooma.pt<\/a>.<\/p>\n<p>O Utilizador pode, ainda, a qualquer momento, opor-se ao tratamento dos dados, com exce\u00e7\u00e3o dos dados estritamente necess\u00e1rios \u00e0 presta\u00e7\u00e3o de servi\u00e7o, e\/ou requerer a elimina\u00e7\u00e3o dos seus dados para fins de marketing, devendo para o efeito contactar Sooma.com Web Services, Lda, atrav\u00e9s do endere\u00e7o de correio eletr\u00f3nico <a href=\"mailto:ajuda@sooma.pt\">ajuda@sooma.pt<\/a>.<\/p>\n<h4>9. Direito \u00e0 Portabilidade dos Dados<\/h4>\n<p>O Utilizador tem o direito de receber os dados pessoais que lhe digam respeito e que tenha fornecido a um respons\u00e1vel pelo tratamento, num formato estruturado, de uso corrente e de leitura autom\u00e1tica, e o direito de transmitir esses dados a outro respons\u00e1vel pelo tratamento, nos termos da legisla\u00e7\u00e3o em vigor em mat\u00e9ria de prote\u00e7\u00e3o de dados pessoais.<\/p>\n<h4>10. Cookies<\/h4>\n<p>Cookies s\u00e3o pequenas etiquetas de software que s\u00e3o armazenadas no seu computador atrav\u00e9s do navegador (browser), retendo apenas informa\u00e7\u00e3o relacionada com as suas prefer\u00eancias, n\u00e3o incluindo, como tal, os seus dados pessoais.<\/p>\n<p>Neste website utilizamos cookies, que s\u00e3o pequenos ficheiros de texto com informa\u00e7\u00e3o sobre a sua navega\u00e7\u00e3o neste site e cujo principal objetivo \u00e9 melhorar a sua experi\u00eancia na web.<\/p>\n<p>Ao aceitar esta Pol\u00edtica de Privacidade est\u00e1 a concordar com o uso de cookies existentes neste site.<\/p>\n<h4>11. Medidas de Seguran\u00e7a para Prote\u00e7\u00e3o dos Dados Pessoais<\/h4>\n<p>A prote\u00e7\u00e3o e salvaguarda dos dados pessoais dos Utilizadores s\u00e3o um elemento basilar na forma como a Sooma.com Web Services, Lda presta os seus servi\u00e7os. Deste modo, foram adotadas diversas medidas de seguran\u00e7a, de car\u00e1cter t\u00e9cnico e organizativo, de forma a proteger os dados pessoais que nos s\u00e3o disponibilizados contra a sua difus\u00e3o, perda, uso indevido, altera\u00e7\u00e3o, tratamento ou acesso n\u00e3o autorizado, bem como, contra qualquer outra forma de tratamento il\u00edcito.<\/p>\n<h4>12. Disposi\u00e7\u00f5es Finais<\/h4>\n<p>A Sooma.com Web Services, Lda reserva-se no direito de, a qualquer momento, alterar ou reajustar esta Pol\u00edtica de Privacidade, sendo essas altera\u00e7\u00f5es devidamente publicitadas no nosso website.<\/p>\n<p>Caso tenha alguma d\u00favida ou quest\u00e3o sobre a forma como a Pol\u00edtica de privacidade da Sooma.com Web Services, Lda recolhe e trata os seus dados pessoais poder\u00e1 entrar em contacto connosco atrav\u00e9s do email <a href=\"mailto:ajuda@sooma.pt\">ajuda@sooma.pt<\/a>.<\/p>\n<p>[\/et_pb_text][\/et_pb_column][\/et_pb_row][\/et_pb_section]<\/p>\n","protected":false},"excerpt":{"rendered":"<p><div class=\"et_pb_row et_pb_row_0 et_pb_row_empty\">\n\t\t\t\t\n\t\t\t\t\n\t\t\t\t\n\t\t\t\t\n\t\t\t\t\n\t\t\t<\/div> 1. Pol\u00edtica de Privacidade A utiliza\u00e7\u00e3o deste website est\u00e1 sujeita \u00e0 presente Pol\u00edtica de Privacidade, devendo o Utilizador reler os respetivos termos em cada nova utiliza\u00e7\u00e3o a fim de verificar se concorda com a mesma. 2. Dados Pessoais A Sooma.com Web Services, Lda garante o respeito pela privacidade dos Utilizadores. A Sooma.com Web Services, [&hellip;]<\/p>\n","protected":false},"author":1456,"featured_media":0,"parent":0,"menu_order":0,"comment_status":"closed","ping_status":"closed","template":"","meta":{"_seopress_robots_primary_cat":"","_seopress_titles_title":"","_seopress_titles_desc":"","_seopress_robots_index":"","_et_pb_use_builder":"on","_et_pb_old_content":"","_et_gb_content_width":"","footnotes":""},"class_list":["post-1529","page","type-page","status-publish","hentry"],"_links":{"self":[{"href":"https:\/\/sooma.com\/pt-pt\/wp-json\/wp\/v2\/pages\/1529","targetHints":{"allow":["GET"]}}],"collection":[{"href":"https:\/\/sooma.com\/pt-pt\/wp-json\/wp\/v2\/pages"}],"about":[{"href":"https:\/\/sooma.com\/pt-pt\/wp-json\/wp\/v2\/types\/page"}],"author":[{"embeddable":true,"href":"https:\/\/sooma.com\/pt-pt\/wp-json\/wp\/v2\/users\/1456"}],"replies":[{"embeddable":true,"href":"https:\/\/sooma.com\/pt-pt\/wp-json\/wp\/v2\/comments?post=1529"}],"version-history":[{"count":0,"href":"https:\/\/sooma.com\/pt-pt\/wp-json\/wp\/v2\/pages\/1529\/revisions"}],"wp:attachment":[{"href":"https:\/\/sooma.com\/pt-pt\/wp-json\/wp\/v2\/media?parent=1529"}],"curies":[{"name":"wp","href":"https:\/\/api.w.org\/{rel}","templated":true}]}}