{"id":941,"date":"2019-04-29T11:34:36","date_gmt":"2019-04-29T11:34:36","guid":{"rendered":"https:\/\/staging.sooma.com\/?page_id=941"},"modified":"2019-06-26T10:53:28","modified_gmt":"2019-06-26T10:53:28","slug":"sobre-nos","status":"publish","type":"page","link":"https:\/\/sooma.com\/pt-pt\/sobre-nos\/","title":{"rendered":"Sobre N\u00f3s"},"content":{"rendered":"<p>[et_pb_section bb_built=&#8221;1&#8243; admin_label=&#8221;section&#8221; next_background_color=&#8221;#000000&#8243; _builder_version=&#8221;3.4.1&#8243;][et_pb_row admin_label=&#8221;row&#8221; background_position=&#8221;top_left&#8221; background_repeat=&#8221;repeat&#8221; background_size=&#8221;initial&#8221; _builder_version=&#8221;3.4.1&#8243; custom_padding_tablet=&#8221;20px||0px|&#8221; custom_padding_last_edited=&#8221;on|tablet&#8221;][et_pb_column type=&#8221;4_4&#8243;][et_pb_text admin_label=&#8221;Sobre N\u00f3s&#8221; background_layout=&#8221;light&#8221; text_orientation=&#8221;center&#8221; use_border_color=&#8221;off&#8221; border_color=&#8221;#ffffff&#8221; border_style=&#8221;solid&#8221; background_position=&#8221;top_left&#8221; background_repeat=&#8221;repeat&#8221; background_size=&#8221;initial&#8221; module_alignment=&#8221;center&#8221;]<\/p>\n<h1>Sobre N\u00f3s<\/h1>\n<p>[\/et_pb_text][\/et_pb_column][\/et_pb_row][et_pb_row admin_label=&#8221;Row&#8221; custom_padding=&#8221;||4%|&#8221; parallax_method=&#8221;off&#8221; parallax_method_1=&#8221;off&#8221; parallax_method_2=&#8221;off&#8221; column_padding_mobile=&#8221;on&#8221; custom_css_main_element=&#8221;border-bottom: 2px dotted #ddd;&#8221; background_position=&#8221;top_left&#8221; background_repeat=&#8221;repeat&#8221; background_size=&#8221;initial&#8221; _builder_version=&#8221;3.4.1&#8243; custom_padding_tablet=&#8221;0px||60px|&#8221; custom_padding_last_edited=&#8221;on|tablet&#8221;][et_pb_column type=&#8221;1_2&#8243;][et_pb_text admin_label=&#8221;Destaque&#8221; background_layout=&#8221;light&#8221; text_orientation=&#8221;left&#8221; use_border_color=&#8221;off&#8221; border_color=&#8221;#ffffff&#8221; border_style=&#8221;solid&#8221; module_class=&#8221;destaque&#8221; background_position=&#8221;top_left&#8221; background_repeat=&#8221;repeat&#8221; background_size=&#8221;initial&#8221;]<\/p>\n<p>A Sooma resolve as necessidades de e-mail de prestadores de servi\u00e7os, empresas e parceiros<\/p>\n<p>[\/et_pb_text][\/et_pb_column][et_pb_column type=&#8221;1_2&#8243;][et_pb_text admin_label=&#8221;Text&#8221; background_layout=&#8221;light&#8221; text_orientation=&#8221;left&#8221; use_border_color=&#8221;off&#8221; border_color=&#8221;#ffffff&#8221; border_style=&#8221;solid&#8221; background_position=&#8221;top_left&#8221; background_repeat=&#8221;repeat&#8221; background_size=&#8221;initial&#8221;]<\/p>\n<p>Fundada em 1999, a Soma \u00e9 uma fornecedora confi\u00e1vel de solu\u00e7\u00f5es de e-mail para prestadores de servi\u00e7os, empresas e parceiros. Fornecemos facilidade de manuten\u00e7\u00e3o e administra\u00e7\u00e3o, reduzindo o custo total de propriedade e aumentando as oportunidades como resultado de nossa capacidade \u00fanica de simplificar os intimidadores sistemas de e-mail. <\/p>\n<p>Fornecemos servi\u00e7os de software para empresas de telecomunica\u00e7\u00f5es, prestadores de servi\u00e7os, transportadoras, portais de m\u00eddia, revendedoras de valores agregados e empresas que fazem uso de nossas ofertas de servi\u00e7os de e-mail.<\/p>\n<p>[\/et_pb_text][\/et_pb_column][\/et_pb_row][\/et_pb_section][et_pb_section bb_built=&#8221;1&#8243; admin_label=&#8221;section&#8221; parallax_method=&#8221;off&#8221; custom_padding=&#8221;0px|||&#8221; custom_padding_tablet=&#8221;50px|0px|20px|0px&#8221; custom_padding_last_edited=&#8221;on|tablet&#8221; prev_background_color=&#8221;#000000&#8243; next_background_color=&#8221;#000000&#8243; _builder_version=&#8221;3.4.1&#8243;][et_pb_row admin_label=&#8221;Row&#8221; parallax_method=&#8221;off&#8221; parallax_method_1=&#8221;off&#8221; parallax_method_2=&#8221;off&#8221; column_padding_mobile=&#8221;on&#8221; custom_width_px=&#8221;650px&#8221; gutter_width=&#8221;1&#8243; background_position=&#8221;top_left&#8221; background_repeat=&#8221;repeat&#8221; background_size=&#8221;initial&#8221; _builder_version=&#8221;3.4.1&#8243; custom_padding_tablet=&#8221;0px||0px|&#8221; custom_padding_last_edited=&#8221;on|desktop&#8221; custom_padding=&#8221;||0px|&#8221;][et_pb_column type=&#8221;1_2&#8243;][et_pb_image admin_label=&#8221;Image&#8221; src=&#8221;https:\/\/sooma.com\/files\/2017\/07\/Sooma-what-we-do.svg&#8221; show_in_lightbox=&#8221;off&#8221; url_new_window=&#8221;off&#8221; use_overlay=&#8221;off&#8221; animation=&#8221;off&#8221; sticky=&#8221;off&#8221; align=&#8221;center&#8221; force_fullwidth=&#8221;off&#8221; always_center_on_mobile=&#8221;on&#8221; use_border_color=&#8221;off&#8221; border_color=&#8221;#ffffff&#8221; border_style=&#8221;solid&#8221; alt=&#8221;Sooma-what we do&#8221; title_text=&#8221;Sooma-what we do&#8221; animation_style=&#8221;none&#8221; animation_duration=&#8221;1000ms&#8221; animation_intensity_slide=&#8221;50%&#8221; show_bottom_space=&#8221;on&#8221; \/][\/et_pb_column][et_pb_column type=&#8221;1_2&#8243;][et_pb_text admin_label=&#8221;O que fazemos&#8221; use_border_color=&#8221;off&#8221; custom_padding=&#8221;||10px|&#8221; background_position=&#8221;top_left&#8221; background_repeat=&#8221;repeat&#8221; background_size=&#8221;initial&#8221; _builder_version=&#8221;3.4.1&#8243; custom_margin_tablet=&#8221;||15px|&#8221; custom_margin_last_edited=&#8221;on|tablet&#8221; custom_padding_tablet=&#8221;||0px|&#8221; custom_padding_last_edited=&#8221;on|tablet&#8221;]<\/p>\n<h2>O que fazemos<\/h2>\n<p>[\/et_pb_text][et_pb_text admin_label=&#8221;Text&#8221; background_layout=&#8221;light&#8221; text_orientation=&#8221;left&#8221; use_border_color=&#8221;off&#8221; border_color=&#8221;#ffffff&#8221; border_style=&#8221;solid&#8221; background_position=&#8221;top_left&#8221; background_repeat=&#8221;repeat&#8221; background_size=&#8221;initial&#8221;]<\/p>\n<p>Fornecemos solu\u00e7\u00f5es para necessidades comerciais de e-mail atrav\u00e9s de produtos e servi\u00e7os que mitigam a complexidade e aumentam a produtividade. Podemos ajud\u00e1-lo a fornecer servi\u00e7os de qualidade com custos mais baixos e a aumentar sua receita ao simplificar a integra\u00e7\u00e3o e ao entregar uma solu\u00e7\u00e3o segura para sua base de clientes.<\/p>\n<p>Oferecer uma solu\u00e7\u00e3o de e-mail com base em nuvem retrata nossa experi\u00eancia em seguran\u00e7a e melhores pr\u00e1ticas de e-mail. Al\u00e9m de tamb\u00e9m aumentar a capacidade de entrega e nos ajudar a torn\u00e1-lo significativo em um mercado competitivo.<\/p>\n<p>[\/et_pb_text][\/et_pb_column][\/et_pb_row][\/et_pb_section][et_pb_section bb_built=&#8221;1&#8243; admin_label=&#8221;section&#8221; parallax_method=&#8221;off&#8221; custom_padding=&#8221;0px||80px|&#8221; custom_padding_tablet=&#8221;55px|0px|50px|0px&#8221; custom_padding_last_edited=&#8221;on|tablet&#8221; prev_background_color=&#8221;#000000&#8243; _builder_version=&#8221;3.4.1&#8243;][et_pb_row admin_label=&#8221;Row&#8221; parallax_method=&#8221;off&#8221; parallax_method_1=&#8221;off&#8221; column_padding_mobile=&#8221;on&#8221; custom_css_main_element=&#8221;border-top: 2px dotted #ddd;&#8221; custom_padding=&#8221;80px|||&#8221; background_position=&#8221;top_left&#8221; background_repeat=&#8221;repeat&#8221; background_size=&#8221;initial&#8221; _builder_version=&#8221;3.4.1&#8243; custom_padding_tablet=&#8221;70px||0px|&#8221; custom_padding_last_edited=&#8221;on|tablet&#8221;][et_pb_column type=&#8221;4_4&#8243;][et_pb_text admin_label=&#8221;Nossa abordagem&#8221; background_layout=&#8221;light&#8221; text_orientation=&#8221;center&#8221; use_border_color=&#8221;off&#8221; border_color=&#8221;#ffffff&#8221; border_style=&#8221;solid&#8221; background_position=&#8221;top_left&#8221; background_repeat=&#8221;repeat&#8221; background_size=&#8221;initial&#8221; module_alignment=&#8221;center&#8221;]<\/p>\n<h2>Nossa Abordagem<\/h2>\n<p>[\/et_pb_text][\/et_pb_column][\/et_pb_row][et_pb_row admin_label=&#8221;Row&#8221; background_position=&#8221;top_left&#8221; background_repeat=&#8221;repeat&#8221; background_size=&#8221;initial&#8221; _builder_version=&#8221;3.4.1&#8243; custom_padding_tablet=&#8221;0px|||&#8221; custom_padding_last_edited=&#8221;on|tablet&#8221;][et_pb_column type=&#8221;1_2&#8243;][et_pb_text admin_label=&#8221;Destaque&#8221; use_border_color=&#8221;off&#8221; module_class=&#8221;destaque&#8221; background_position=&#8221;top_left&#8221; background_repeat=&#8221;repeat&#8221; background_size=&#8221;initial&#8221; _builder_version=&#8221;3.4.1&#8243;]<\/p>\n<p>Quer os benef\u00edcios das solu\u00e7\u00f5es de e-mail da Sooma sem os custos e o inc\u00f4modo de manter seu pr\u00f3prio ambiente?<br \/>\n<a class=\"text-link\" href=\"\/pt-br\/contatos\/\">Entre em contato \u2192 \u2192<\/a><\/p>\n<p>[\/et_pb_text][\/et_pb_column][et_pb_column type=&#8221;1_2&#8243;][et_pb_text admin_label=&#8221;Text&#8221; use_border_color=&#8221;off&#8221; background_position=&#8221;top_left&#8221; background_repeat=&#8221;repeat&#8221; background_size=&#8221;initial&#8221; _builder_version=&#8221;3.4.1&#8243;]<\/p>\n<p>Contamos com uma equipe apaixonada e vision\u00e1ria para entregar solu\u00e7\u00f5es completas de e-mail. Estamos organizados em torno de um grupo de manuten\u00e7\u00e3o de sistemas e um grupo de interface de usu\u00e1rio, que est\u00e3o sempre trabalhando para criar uma experi\u00eancia de usu\u00e1rio aprimorada no produto final.<\/p>\n<p>Acreditamos que solu\u00e7\u00f5es de e-mail efetivas v\u00e3o al\u00e9m da infraestrutura at\u00e9 o n\u00edvel de servi\u00e7o. Por isso oferecemos um suporte focado no cliente. Acreditamos em uma estrutura e um servi\u00e7o de valor e ajuste adequados.<\/p>\n<p>Deseja obter os benef\u00edcios das solu\u00e7\u00f5es de e-mail da Soomla sem os custos e o trabalho de manter seu pr\u00f3prio ambiente? Contate-nos para come\u00e7ar.<\/p>\n<p>[\/et_pb_text][\/et_pb_column][\/et_pb_row][\/et_pb_section]<\/p>\n","protected":false},"excerpt":{"rendered":"<p>Sobre N\u00f3s A Sooma resolve as necessidades de e-mail de prestadores de servi\u00e7os, empresas e parceiros Fundada em 1999, a Soma \u00e9 uma fornecedora confi\u00e1vel de solu\u00e7\u00f5es de e-mail para prestadores de servi\u00e7os, empresas e parceiros. Fornecemos facilidade de manuten\u00e7\u00e3o e administra\u00e7\u00e3o, reduzindo o custo total de propriedade e aumentando as oportunidades como resultado de [&hellip;]<\/p>\n","protected":false},"author":1456,"featured_media":0,"parent":0,"menu_order":0,"comment_status":"closed","ping_status":"closed","template":"","meta":{"_seopress_robots_primary_cat":"","_seopress_titles_title":"","_seopress_titles_desc":"","_seopress_robots_index":"","_et_pb_use_builder":"on","_et_pb_old_content":"","_et_gb_content_width":"","footnotes":""},"class_list":["post-941","page","type-page","status-publish","hentry"],"_links":{"self":[{"href":"https:\/\/sooma.com\/pt-pt\/wp-json\/wp\/v2\/pages\/941","targetHints":{"allow":["GET"]}}],"collection":[{"href":"https:\/\/sooma.com\/pt-pt\/wp-json\/wp\/v2\/pages"}],"about":[{"href":"https:\/\/sooma.com\/pt-pt\/wp-json\/wp\/v2\/types\/page"}],"author":[{"embeddable":true,"href":"https:\/\/sooma.com\/pt-pt\/wp-json\/wp\/v2\/users\/1456"}],"replies":[{"embeddable":true,"href":"https:\/\/sooma.com\/pt-pt\/wp-json\/wp\/v2\/comments?post=941"}],"version-history":[{"count":0,"href":"https:\/\/sooma.com\/pt-pt\/wp-json\/wp\/v2\/pages\/941\/revisions"}],"wp:attachment":[{"href":"https:\/\/sooma.com\/pt-pt\/wp-json\/wp\/v2\/media?parent=941"}],"curies":[{"name":"wp","href":"https:\/\/api.w.org\/{rel}","templated":true}]}}